{"id":757,"date":"2025-11-12T22:49:10","date_gmt":"2025-11-12T21:49:10","guid":{"rendered":"https:\/\/memento-anima.fr\/?page_id=757"},"modified":"2025-11-14T09:25:01","modified_gmt":"2025-11-14T08:25:01","slug":"theatre-joliette","status":"publish","type":"page","link":"https:\/\/memento-anima.fr\/index.php\/theatre-joliette\/","title":{"rendered":"Th\u00e9\u00e2tre Joliette"},"content":{"rendered":"\t\t<div data-elementor-type=\"wp-page\" data-elementor-id=\"757\" class=\"elementor elementor-757\">\n\t\t\t\t<div class=\"elementor-element elementor-element-eff7a05 e-flex e-con-boxed e-con e-parent\" data-id=\"eff7a05\" data-element_type=\"container\" data-e-type=\"container\">\n\t\t\t\t\t<div class=\"e-con-inner\">\n\t\t\t\t<div class=\"elementor-element elementor-element-b45f3d3 elementor-widget elementor-widget-heading\" data-id=\"b45f3d3\" data-element_type=\"widget\" data-e-type=\"widget\" data-widget_type=\"heading.default\">\n\t\t\t\t\t<h2 class=\"elementor-heading-title elementor-size-default\">Mission | Artiste associ\u00e9e \naux actions culturelles <\/h2>\t\t\t\t<\/div>\n\t\t\t\t\t<\/div>\n\t\t\t\t<\/div>\n\t\t<div class=\"elementor-element elementor-element-a61fae5 e-flex e-con-boxed e-con e-parent\" data-id=\"a61fae5\" data-element_type=\"container\" data-e-type=\"container\">\n\t\t\t\t\t<div class=\"e-con-inner\">\n\t\t\t\t<div class=\"elementor-element elementor-element-c03bba4 elementor-widget elementor-widget-heading\" data-id=\"c03bba4\" data-element_type=\"widget\" data-e-type=\"widget\" data-widget_type=\"heading.default\">\n\t\t\t\t\t<h5 class=\"elementor-heading-title elementor-size-default\">Amandine du Rivau<\/h5>\t\t\t\t<\/div>\n\t\t\t\t\t<\/div>\n\t\t\t\t<\/div>\n\t\t<div class=\"elementor-element elementor-element-b8c64be e-flex e-con-boxed e-con e-parent\" data-id=\"b8c64be\" data-element_type=\"container\" data-e-type=\"container\">\n\t\t\t\t\t<div class=\"e-con-inner\">\n\t\t\t\t<div class=\"elementor-element elementor-element-72f94ba elementor-widget elementor-widget-spacer\" data-id=\"72f94ba\" data-element_type=\"widget\" data-e-type=\"widget\" data-widget_type=\"spacer.default\">\n\t\t\t\t\t\t\t<div class=\"elementor-spacer\">\n\t\t\t<div class=\"elementor-spacer-inner\"><\/div>\n\t\t<\/div>\n\t\t\t\t\t\t<\/div>\n\t\t\t\t\t<\/div>\n\t\t\t\t<\/div>\n\t\t<div class=\"elementor-element elementor-element-2d250a7 e-flex e-con-boxed e-con e-parent\" data-id=\"2d250a7\" data-element_type=\"container\" data-e-type=\"container\">\n\t\t\t\t\t<div class=\"e-con-inner\">\n\t\t\t\t<div class=\"elementor-element elementor-element-d423ce7 elementor-widget elementor-widget-heading\" data-id=\"d423ce7\" data-element_type=\"widget\" data-e-type=\"widget\" data-widget_type=\"heading.default\">\n\t\t\t\t\t<h3 class=\"elementor-heading-title elementor-size-default\">Atelier Jeunes <\/h3>\t\t\t\t<\/div>\n\t\t\t\t\t<\/div>\n\t\t\t\t<\/div>\n\t\t<div class=\"elementor-element elementor-element-d2bf613 e-flex e-con-boxed e-con e-parent\" data-id=\"d2bf613\" data-element_type=\"container\" data-e-type=\"container\">\n\t\t\t\t\t<div class=\"e-con-inner\">\n\t\t\t\t<div class=\"elementor-element elementor-element-acef315 elementor-widget elementor-widget-text-editor\" data-id=\"acef315\" data-element_type=\"widget\" data-e-type=\"widget\" data-widget_type=\"text-editor.default\">\n\t\t\t\t\t\t\t\t\t<p>Jeunes individuels et Jeunes de centres sociaux, en partenariat avec <a href=\"https:\/\/www.marseille.fr\/culture\/enseignements-et-pratiques\/education-artistique-et-culturelle\" target=\"_blank\" rel=\"noopener\">La Ville de Marseille<\/a><\/p><p>Coordnation, concetion et mise en sc\u00e8ne d&rsquo;un spectacle avec les jeunes sur une saison, en lien avec d&rsquo;autres artistes de la programmation du <a href=\"https:\/\/www.theatrejoliette.fr\/\" target=\"_blank\" rel=\"noopener\">Th\u00e9\u00e2tre Joliette<\/a><\/p>\t\t\t\t\t\t\t\t<\/div>\n\t\t\t\t\t<\/div>\n\t\t\t\t<\/div>\n\t\t<div class=\"elementor-element elementor-element-b67b51f e-flex e-con-boxed e-con e-parent\" data-id=\"b67b51f\" data-element_type=\"container\" data-e-type=\"container\">\n\t\t\t\t\t<div class=\"e-con-inner\">\n\t\t\t\t<div class=\"elementor-element elementor-element-7d86363 elementor-widget elementor-widget-image\" data-id=\"7d86363\" data-element_type=\"widget\" data-e-type=\"widget\" data-widget_type=\"image.default\">\n\t\t\t\t\t\t\t\t\t\t\t\t\t\t\t<img fetchpriority=\"high\" decoding=\"async\" width=\"768\" height=\"512\" src=\"https:\/\/memento-anima.fr\/wp-content\/uploads\/2025\/11\/Atelier-jeunes-Sandrine-Lescourant-24-mai-2025-HD-12-\u00a9-Vincent-Beaume-768x512.jpg\" class=\"attachment-medium_large size-medium_large wp-image-425\" alt=\"\" srcset=\"https:\/\/memento-anima.fr\/wp-content\/uploads\/2025\/11\/Atelier-jeunes-Sandrine-Lescourant-24-mai-2025-HD-12-\u00a9-Vincent-Beaume-768x512.jpg 768w, https:\/\/memento-anima.fr\/wp-content\/uploads\/2025\/11\/Atelier-jeunes-Sandrine-Lescourant-24-mai-2025-HD-12-\u00a9-Vincent-Beaume-300x200.jpg 300w, https:\/\/memento-anima.fr\/wp-content\/uploads\/2025\/11\/Atelier-jeunes-Sandrine-Lescourant-24-mai-2025-HD-12-\u00a9-Vincent-Beaume-1024x683.jpg 1024w, https:\/\/memento-anima.fr\/wp-content\/uploads\/2025\/11\/Atelier-jeunes-Sandrine-Lescourant-24-mai-2025-HD-12-\u00a9-Vincent-Beaume-1536x1025.jpg 1536w, https:\/\/memento-anima.fr\/wp-content\/uploads\/2025\/11\/Atelier-jeunes-Sandrine-Lescourant-24-mai-2025-HD-12-\u00a9-Vincent-Beaume-2048x1366.jpg 2048w\" sizes=\"(max-width: 768px) 100vw, 768px\" \/>\t\t\t\t\t\t\t\t\t\t\t\t\t\t\t<\/div>\n\t\t\t\t<div class=\"elementor-element elementor-element-5cb7873 elementor-widget elementor-widget-spacer\" data-id=\"5cb7873\" data-element_type=\"widget\" data-e-type=\"widget\" data-widget_type=\"spacer.default\">\n\t\t\t\t\t\t\t<div class=\"elementor-spacer\">\n\t\t\t<div class=\"elementor-spacer-inner\"><\/div>\n\t\t<\/div>\n\t\t\t\t\t\t<\/div>\n\t\t\t\t\t<\/div>\n\t\t\t\t<\/div>\n\t\t<div class=\"elementor-element elementor-element-b21c0ff e-flex e-con-boxed e-con e-parent\" data-id=\"b21c0ff\" data-element_type=\"container\" data-e-type=\"container\">\n\t\t\t\t\t<div class=\"e-con-inner\">\n\t\t\t\t<div class=\"elementor-element elementor-element-398b9d1 elementor-widget elementor-widget-heading\" data-id=\"398b9d1\" data-element_type=\"widget\" data-e-type=\"widget\" data-widget_type=\"heading.default\">\n\t\t\t\t\t<h3 class=\"elementor-heading-title elementor-size-default\">PEAC | De la lecture \u00e0 la sc\u00e8ne<\/h3>\t\t\t\t<\/div>\n\t\t\t\t\t<\/div>\n\t\t\t\t<\/div>\n\t\t<div class=\"elementor-element elementor-element-88040be e-flex e-con-boxed e-con e-parent\" data-id=\"88040be\" data-element_type=\"container\" data-e-type=\"container\">\n\t\t\t\t\t<div class=\"e-con-inner\">\n\t\t\t\t<div class=\"elementor-element elementor-element-6852fdf elementor-widget elementor-widget-text-editor\" data-id=\"6852fdf\" data-element_type=\"widget\" data-e-type=\"widget\" data-widget_type=\"text-editor.default\">\n\t\t\t\t\t\t\t\t\t<p>\u00ab De la lecture \u00e0 la sc\u00e8ne \u00bb, projet de lecture \u00e0 voix haute pour les lyc\u00e9ens, avec l&rsquo;auteur Amine Adjina, et son spectacles <em>Nos Jardins<\/em><\/p><p>Dans le cadre d&rsquo;un partenariat avec la <a href=\"https:\/\/www.pedagogie.ac-aix-marseille.fr\/jcms\/c_10391734\/fr\/la-delegation-academique-a-l-action-culturelle\" target=\"_blank\" rel=\"noopener\">DAAC, d\u00e9l\u00e9gation acad\u00e9mique \u00e0 l\u2019action culturelle<\/a>.<\/p>\t\t\t\t\t\t\t\t<\/div>\n\t\t\t\t<div class=\"elementor-element elementor-element-7268efe elementor-widget elementor-widget-spacer\" data-id=\"7268efe\" data-element_type=\"widget\" data-e-type=\"widget\" data-widget_type=\"spacer.default\">\n\t\t\t\t\t\t\t<div class=\"elementor-spacer\">\n\t\t\t<div class=\"elementor-spacer-inner\"><\/div>\n\t\t<\/div>\n\t\t\t\t\t\t<\/div>\n\t\t\t\t<div class=\"elementor-element elementor-element-80f6600 elementor-widget elementor-widget-heading\" data-id=\"80f6600\" data-element_type=\"widget\" data-e-type=\"widget\" data-widget_type=\"heading.default\">\n\t\t\t\t\t<h3 class=\"elementor-heading-title elementor-size-default\">Laboratoires de lecture | Biblioth\u00e8que th\u00e9\u00e2tre contemporain<\/h3>\t\t\t\t<\/div>\n\t\t\t\t\t<\/div>\n\t\t\t\t<\/div>\n\t\t<div class=\"elementor-element elementor-element-509b1f9 e-flex e-con-boxed e-con e-parent\" data-id=\"509b1f9\" data-element_type=\"container\" data-e-type=\"container\">\n\t\t\t\t\t<div class=\"e-con-inner\">\n\t\t\t\t<div class=\"elementor-element elementor-element-e3142f2 elementor-widget elementor-widget-text-editor\" data-id=\"e3142f2\" data-element_type=\"widget\" data-e-type=\"widget\" data-widget_type=\"text-editor.default\">\n\t\t\t\t\t\t\t\t\t<p>Mise en lecture des livres et action de valorisation de la biblioth\u00e8que.\u00a0<\/p><p>En partenariat avec <a href=\"https:\/\/www.lareplique.org\/\" target=\"_blank\" rel=\"noopener\">Le Collectif La R\u00e9plique<\/a><\/p>\t\t\t\t\t\t\t\t<\/div>\n\t\t\t\t\t<\/div>\n\t\t\t\t<\/div>\n\t\t\t\t<\/div>\n\t\t","protected":false},"excerpt":{"rendered":"<p>Mission | Artiste associ\u00e9e aux actions culturelles Amandine du Rivau Atelier Jeunes Jeunes individuels et Jeunes de centres sociaux, en partenariat avec La Ville de Marseille Coordnation, concetion et mise en sc\u00e8ne d&rsquo;un spectacle avec les jeunes sur une saison, en lien avec d&rsquo;autres artistes de la programmation du Th\u00e9\u00e2tre Joliette PEAC | De la [&hellip;]<\/p>\n","protected":false},"author":1,"featured_media":0,"parent":0,"menu_order":0,"comment_status":"closed","ping_status":"closed","template":"","meta":{"footnotes":""},"class_list":["post-757","page","type-page","status-publish","hentry"],"yoast_head":"<!-- This site is optimized with the Yoast SEO plugin v27.3 - https:\/\/yoast.com\/product\/yoast-seo-wordpress\/ -->\n<title>Th\u00e9\u00e2tre Joliette - MEMENTO ANIMA<\/title>\n<meta name=\"robots\" content=\"index, follow, max-snippet:-1, max-image-preview:large, max-video-preview:-1\" \/>\n<link rel=\"canonical\" href=\"https:\/\/memento-anima.fr\/index.php\/theatre-joliette\/\" \/>\n<meta property=\"og:locale\" content=\"fr_FR\" \/>\n<meta property=\"og:type\" content=\"article\" \/>\n<meta property=\"og:title\" content=\"Th\u00e9\u00e2tre Joliette - MEMENTO ANIMA\" \/>\n<meta property=\"og:description\" content=\"Mission | Artiste associ\u00e9e aux actions culturelles Amandine du Rivau Atelier Jeunes Jeunes individuels et Jeunes de centres sociaux, en partenariat avec La Ville de Marseille Coordnation, concetion et mise en sc\u00e8ne d&rsquo;un spectacle avec les jeunes sur une saison, en lien avec d&rsquo;autres artistes de la programmation du Th\u00e9\u00e2tre Joliette PEAC | De la [&hellip;]\" \/>\n<meta property=\"og:url\" content=\"https:\/\/memento-anima.fr\/index.php\/theatre-joliette\/\" \/>\n<meta property=\"og:site_name\" content=\"MEMENTO ANIMA\" \/>\n<meta property=\"article:modified_time\" content=\"2025-11-14T08:25:01+00:00\" \/>\n<meta name=\"twitter:card\" content=\"summary_large_image\" \/>\n<meta name=\"twitter:label1\" content=\"Dur\u00e9e de lecture estim\u00e9e\" \/>\n\t<meta name=\"twitter:data1\" content=\"1 minute\" \/>\n<script type=\"application\/ld+json\" class=\"yoast-schema-graph\">{\"@context\":\"https:\\\/\\\/schema.org\",\"@graph\":[{\"@type\":\"WebPage\",\"@id\":\"https:\\\/\\\/memento-anima.fr\\\/index.php\\\/theatre-joliette\\\/\",\"url\":\"https:\\\/\\\/memento-anima.fr\\\/index.php\\\/theatre-joliette\\\/\",\"name\":\"Th\u00e9\u00e2tre Joliette - MEMENTO ANIMA\",\"isPartOf\":{\"@id\":\"https:\\\/\\\/memento-anima.fr\\\/#website\"},\"datePublished\":\"2025-11-12T21:49:10+00:00\",\"dateModified\":\"2025-11-14T08:25:01+00:00\",\"breadcrumb\":{\"@id\":\"https:\\\/\\\/memento-anima.fr\\\/index.php\\\/theatre-joliette\\\/#breadcrumb\"},\"inLanguage\":\"fr-FR\",\"potentialAction\":[{\"@type\":\"ReadAction\",\"target\":[\"https:\\\/\\\/memento-anima.fr\\\/index.php\\\/theatre-joliette\\\/\"]}]},{\"@type\":\"BreadcrumbList\",\"@id\":\"https:\\\/\\\/memento-anima.fr\\\/index.php\\\/theatre-joliette\\\/#breadcrumb\",\"itemListElement\":[{\"@type\":\"ListItem\",\"position\":1,\"name\":\"Accueil\",\"item\":\"https:\\\/\\\/memento-anima.fr\\\/\"},{\"@type\":\"ListItem\",\"position\":2,\"name\":\"Th\u00e9\u00e2tre Joliette\"}]},{\"@type\":\"WebSite\",\"@id\":\"https:\\\/\\\/memento-anima.fr\\\/#website\",\"url\":\"https:\\\/\\\/memento-anima.fr\\\/\",\"name\":\"MEMENTO ANIMA\",\"description\":\"\",\"potentialAction\":[{\"@type\":\"SearchAction\",\"target\":{\"@type\":\"EntryPoint\",\"urlTemplate\":\"https:\\\/\\\/memento-anima.fr\\\/?s={search_term_string}\"},\"query-input\":{\"@type\":\"PropertyValueSpecification\",\"valueRequired\":true,\"valueName\":\"search_term_string\"}}],\"inLanguage\":\"fr-FR\"}]}<\/script>\n<!-- \/ Yoast SEO plugin. -->","yoast_head_json":{"title":"Th\u00e9\u00e2tre Joliette - MEMENTO ANIMA","robots":{"index":"index","follow":"follow","max-snippet":"max-snippet:-1","max-image-preview":"max-image-preview:large","max-video-preview":"max-video-preview:-1"},"canonical":"https:\/\/memento-anima.fr\/index.php\/theatre-joliette\/","og_locale":"fr_FR","og_type":"article","og_title":"Th\u00e9\u00e2tre Joliette - MEMENTO ANIMA","og_description":"Mission | Artiste associ\u00e9e aux actions culturelles Amandine du Rivau Atelier Jeunes Jeunes individuels et Jeunes de centres sociaux, en partenariat avec La Ville de Marseille Coordnation, concetion et mise en sc\u00e8ne d&rsquo;un spectacle avec les jeunes sur une saison, en lien avec d&rsquo;autres artistes de la programmation du Th\u00e9\u00e2tre Joliette PEAC | De la [&hellip;]","og_url":"https:\/\/memento-anima.fr\/index.php\/theatre-joliette\/","og_site_name":"MEMENTO ANIMA","article_modified_time":"2025-11-14T08:25:01+00:00","twitter_card":"summary_large_image","twitter_misc":{"Dur\u00e9e de lecture estim\u00e9e":"1 minute"},"schema":{"@context":"https:\/\/schema.org","@graph":[{"@type":"WebPage","@id":"https:\/\/memento-anima.fr\/index.php\/theatre-joliette\/","url":"https:\/\/memento-anima.fr\/index.php\/theatre-joliette\/","name":"Th\u00e9\u00e2tre Joliette - MEMENTO ANIMA","isPartOf":{"@id":"https:\/\/memento-anima.fr\/#website"},"datePublished":"2025-11-12T21:49:10+00:00","dateModified":"2025-11-14T08:25:01+00:00","breadcrumb":{"@id":"https:\/\/memento-anima.fr\/index.php\/theatre-joliette\/#breadcrumb"},"inLanguage":"fr-FR","potentialAction":[{"@type":"ReadAction","target":["https:\/\/memento-anima.fr\/index.php\/theatre-joliette\/"]}]},{"@type":"BreadcrumbList","@id":"https:\/\/memento-anima.fr\/index.php\/theatre-joliette\/#breadcrumb","itemListElement":[{"@type":"ListItem","position":1,"name":"Accueil","item":"https:\/\/memento-anima.fr\/"},{"@type":"ListItem","position":2,"name":"Th\u00e9\u00e2tre Joliette"}]},{"@type":"WebSite","@id":"https:\/\/memento-anima.fr\/#website","url":"https:\/\/memento-anima.fr\/","name":"MEMENTO ANIMA","description":"","potentialAction":[{"@type":"SearchAction","target":{"@type":"EntryPoint","urlTemplate":"https:\/\/memento-anima.fr\/?s={search_term_string}"},"query-input":{"@type":"PropertyValueSpecification","valueRequired":true,"valueName":"search_term_string"}}],"inLanguage":"fr-FR"}]}},"_links":{"self":[{"href":"https:\/\/memento-anima.fr\/index.php\/wp-json\/wp\/v2\/pages\/757","targetHints":{"allow":["GET"]}}],"collection":[{"href":"https:\/\/memento-anima.fr\/index.php\/wp-json\/wp\/v2\/pages"}],"about":[{"href":"https:\/\/memento-anima.fr\/index.php\/wp-json\/wp\/v2\/types\/page"}],"author":[{"embeddable":true,"href":"https:\/\/memento-anima.fr\/index.php\/wp-json\/wp\/v2\/users\/1"}],"replies":[{"embeddable":true,"href":"https:\/\/memento-anima.fr\/index.php\/wp-json\/wp\/v2\/comments?post=757"}],"version-history":[{"count":5,"href":"https:\/\/memento-anima.fr\/index.php\/wp-json\/wp\/v2\/pages\/757\/revisions"}],"predecessor-version":[{"id":767,"href":"https:\/\/memento-anima.fr\/index.php\/wp-json\/wp\/v2\/pages\/757\/revisions\/767"}],"wp:attachment":[{"href":"https:\/\/memento-anima.fr\/index.php\/wp-json\/wp\/v2\/media?parent=757"}],"curies":[{"name":"wp","href":"https:\/\/api.w.org\/{rel}","templated":true}]}}