{"id":636,"date":"2025-11-11T18:46:09","date_gmt":"2025-11-11T17:46:09","guid":{"rendered":"https:\/\/memento-anima.fr\/?page_id=636"},"modified":"2025-12-04T23:24:07","modified_gmt":"2025-12-04T22:24:07","slug":"contact","status":"publish","type":"page","link":"https:\/\/memento-anima.fr\/index.php\/contact\/","title":{"rendered":"Contact"},"content":{"rendered":"\t\t<div data-elementor-type=\"wp-page\" data-elementor-id=\"636\" class=\"elementor elementor-636\">\n\t\t\t\t<div class=\"elementor-element elementor-element-939c9ed e-flex e-con-boxed e-con e-parent\" data-id=\"939c9ed\" data-element_type=\"container\" data-e-type=\"container\">\n\t\t\t\t\t<div class=\"e-con-inner\">\n\t\t\t\t<div class=\"elementor-element elementor-element-6c8ac1e elementor-widget elementor-widget-text-editor\" data-id=\"6c8ac1e\" data-element_type=\"widget\" data-e-type=\"widget\" data-widget_type=\"text-editor.default\">\n\t\t\t\t\t\t\t\t\t<h3 style=\"text-align: center;\">Cie MEMENTO ANIMA<\/h3><p style=\"text-align: center;\">Compagnie r\u00e9f\u00e9renc\u00e9e ADAGE<\/p><p style=\"text-align: center;\">20 place S\u00e9bastopol &#8211; 13004 Marseille<\/p><p style=\"text-align: center;\">Siret 883 576 019 00029 | APE 9001Z<\/p><p style=\"text-align: center;\"><a href=\"mailto:contact@memento-anima.fr\">contact@memento-anima.fr<\/a><\/p><p style=\"text-align: center;\">06 46 87 13 30<\/p><p style=\"text-align: center;\">\u00a0<\/p>\t\t\t\t\t\t\t\t<\/div>\n\t\t\t\t\t<\/div>\n\t\t\t\t<\/div>\n\t\t\t\t<\/div>\n\t\t","protected":false},"excerpt":{"rendered":"<p>Cie MEMENTO ANIMA Compagnie r\u00e9f\u00e9renc\u00e9e ADAGE 20 place S\u00e9bastopol &#8211; 13004 Marseille Siret 883 576 019 00029 | APE 9001Z contact@memento-anima.fr 06 46 87 13 30 \u00a0<\/p>\n","protected":false},"author":1,"featured_media":0,"parent":0,"menu_order":0,"comment_status":"closed","ping_status":"closed","template":"","meta":{"footnotes":""},"class_list":["post-636","page","type-page","status-publish","hentry"],"yoast_head":"<!-- This site is optimized with the Yoast SEO plugin v27.3 - https:\/\/yoast.com\/product\/yoast-seo-wordpress\/ -->\n<title>Contact - MEMENTO ANIMA<\/title>\n<meta name=\"robots\" content=\"index, follow, max-snippet:-1, max-image-preview:large, max-video-preview:-1\" \/>\n<link rel=\"canonical\" href=\"https:\/\/memento-anima.fr\/index.php\/contact\/\" \/>\n<meta property=\"og:locale\" content=\"fr_FR\" \/>\n<meta property=\"og:type\" content=\"article\" \/>\n<meta property=\"og:title\" content=\"Contact - MEMENTO ANIMA\" \/>\n<meta property=\"og:description\" content=\"Cie MEMENTO ANIMA Compagnie r\u00e9f\u00e9renc\u00e9e ADAGE 20 place S\u00e9bastopol &#8211; 13004 Marseille Siret 883 576 019 00029 | APE 9001Z contact@memento-anima.fr 06 46 87 13 30 \u00a0\" \/>\n<meta property=\"og:url\" content=\"https:\/\/memento-anima.fr\/index.php\/contact\/\" \/>\n<meta property=\"og:site_name\" content=\"MEMENTO ANIMA\" \/>\n<meta property=\"article:modified_time\" content=\"2025-12-04T22:24:07+00:00\" \/>\n<meta name=\"twitter:card\" content=\"summary_large_image\" \/>\n<meta name=\"twitter:label1\" content=\"Dur\u00e9e de lecture estim\u00e9e\" \/>\n\t<meta name=\"twitter:data1\" content=\"1 minute\" \/>\n<script type=\"application\/ld+json\" class=\"yoast-schema-graph\">{\"@context\":\"https:\\\/\\\/schema.org\",\"@graph\":[{\"@type\":\"WebPage\",\"@id\":\"https:\\\/\\\/memento-anima.fr\\\/index.php\\\/contact\\\/\",\"url\":\"https:\\\/\\\/memento-anima.fr\\\/index.php\\\/contact\\\/\",\"name\":\"Contact - MEMENTO ANIMA\",\"isPartOf\":{\"@id\":\"https:\\\/\\\/memento-anima.fr\\\/#website\"},\"datePublished\":\"2025-11-11T17:46:09+00:00\",\"dateModified\":\"2025-12-04T22:24:07+00:00\",\"breadcrumb\":{\"@id\":\"https:\\\/\\\/memento-anima.fr\\\/index.php\\\/contact\\\/#breadcrumb\"},\"inLanguage\":\"fr-FR\",\"potentialAction\":[{\"@type\":\"ReadAction\",\"target\":[\"https:\\\/\\\/memento-anima.fr\\\/index.php\\\/contact\\\/\"]}]},{\"@type\":\"BreadcrumbList\",\"@id\":\"https:\\\/\\\/memento-anima.fr\\\/index.php\\\/contact\\\/#breadcrumb\",\"itemListElement\":[{\"@type\":\"ListItem\",\"position\":1,\"name\":\"Accueil\",\"item\":\"https:\\\/\\\/memento-anima.fr\\\/\"},{\"@type\":\"ListItem\",\"position\":2,\"name\":\"Contact\"}]},{\"@type\":\"WebSite\",\"@id\":\"https:\\\/\\\/memento-anima.fr\\\/#website\",\"url\":\"https:\\\/\\\/memento-anima.fr\\\/\",\"name\":\"MEMENTO ANIMA\",\"description\":\"\",\"potentialAction\":[{\"@type\":\"SearchAction\",\"target\":{\"@type\":\"EntryPoint\",\"urlTemplate\":\"https:\\\/\\\/memento-anima.fr\\\/?s={search_term_string}\"},\"query-input\":{\"@type\":\"PropertyValueSpecification\",\"valueRequired\":true,\"valueName\":\"search_term_string\"}}],\"inLanguage\":\"fr-FR\"}]}<\/script>\n<!-- \/ Yoast SEO plugin. -->","yoast_head_json":{"title":"Contact - MEMENTO ANIMA","robots":{"index":"index","follow":"follow","max-snippet":"max-snippet:-1","max-image-preview":"max-image-preview:large","max-video-preview":"max-video-preview:-1"},"canonical":"https:\/\/memento-anima.fr\/index.php\/contact\/","og_locale":"fr_FR","og_type":"article","og_title":"Contact - MEMENTO ANIMA","og_description":"Cie MEMENTO ANIMA Compagnie r\u00e9f\u00e9renc\u00e9e ADAGE 20 place S\u00e9bastopol &#8211; 13004 Marseille Siret 883 576 019 00029 | APE 9001Z contact@memento-anima.fr 06 46 87 13 30 \u00a0","og_url":"https:\/\/memento-anima.fr\/index.php\/contact\/","og_site_name":"MEMENTO ANIMA","article_modified_time":"2025-12-04T22:24:07+00:00","twitter_card":"summary_large_image","twitter_misc":{"Dur\u00e9e de lecture estim\u00e9e":"1 minute"},"schema":{"@context":"https:\/\/schema.org","@graph":[{"@type":"WebPage","@id":"https:\/\/memento-anima.fr\/index.php\/contact\/","url":"https:\/\/memento-anima.fr\/index.php\/contact\/","name":"Contact - MEMENTO ANIMA","isPartOf":{"@id":"https:\/\/memento-anima.fr\/#website"},"datePublished":"2025-11-11T17:46:09+00:00","dateModified":"2025-12-04T22:24:07+00:00","breadcrumb":{"@id":"https:\/\/memento-anima.fr\/index.php\/contact\/#breadcrumb"},"inLanguage":"fr-FR","potentialAction":[{"@type":"ReadAction","target":["https:\/\/memento-anima.fr\/index.php\/contact\/"]}]},{"@type":"BreadcrumbList","@id":"https:\/\/memento-anima.fr\/index.php\/contact\/#breadcrumb","itemListElement":[{"@type":"ListItem","position":1,"name":"Accueil","item":"https:\/\/memento-anima.fr\/"},{"@type":"ListItem","position":2,"name":"Contact"}]},{"@type":"WebSite","@id":"https:\/\/memento-anima.fr\/#website","url":"https:\/\/memento-anima.fr\/","name":"MEMENTO ANIMA","description":"","potentialAction":[{"@type":"SearchAction","target":{"@type":"EntryPoint","urlTemplate":"https:\/\/memento-anima.fr\/?s={search_term_string}"},"query-input":{"@type":"PropertyValueSpecification","valueRequired":true,"valueName":"search_term_string"}}],"inLanguage":"fr-FR"}]}},"_links":{"self":[{"href":"https:\/\/memento-anima.fr\/index.php\/wp-json\/wp\/v2\/pages\/636","targetHints":{"allow":["GET"]}}],"collection":[{"href":"https:\/\/memento-anima.fr\/index.php\/wp-json\/wp\/v2\/pages"}],"about":[{"href":"https:\/\/memento-anima.fr\/index.php\/wp-json\/wp\/v2\/types\/page"}],"author":[{"embeddable":true,"href":"https:\/\/memento-anima.fr\/index.php\/wp-json\/wp\/v2\/users\/1"}],"replies":[{"embeddable":true,"href":"https:\/\/memento-anima.fr\/index.php\/wp-json\/wp\/v2\/comments?post=636"}],"version-history":[{"count":10,"href":"https:\/\/memento-anima.fr\/index.php\/wp-json\/wp\/v2\/pages\/636\/revisions"}],"predecessor-version":[{"id":792,"href":"https:\/\/memento-anima.fr\/index.php\/wp-json\/wp\/v2\/pages\/636\/revisions\/792"}],"wp:attachment":[{"href":"https:\/\/memento-anima.fr\/index.php\/wp-json\/wp\/v2\/media?parent=636"}],"curies":[{"name":"wp","href":"https:\/\/api.w.org\/{rel}","templated":true}]}}