{"id":573,"date":"2025-11-11T16:14:56","date_gmt":"2025-11-11T16:14:56","guid":{"rendered":"https:\/\/memento-anima.fr\/?page_id=573"},"modified":"2025-12-21T19:42:08","modified_gmt":"2025-12-21T18:42:08","slug":"partout-ou-je-suis","status":"publish","type":"page","link":"https:\/\/memento-anima.fr\/index.php\/partout-ou-je-suis\/","title":{"rendered":"Partout o\u00f9 je suis"},"content":{"rendered":"\t\t<div data-elementor-type=\"wp-page\" data-elementor-id=\"573\" class=\"elementor elementor-573\">\n\t\t\t\t<div class=\"elementor-element elementor-element-b1e1d0b e-flex e-con-boxed e-con e-parent\" data-id=\"b1e1d0b\" data-element_type=\"container\" data-e-type=\"container\">\n\t\t\t\t\t<div class=\"e-con-inner\">\n\t\t\t\t<div class=\"elementor-element elementor-element-c7e3b94 elementor-widget elementor-widget-heading\" data-id=\"c7e3b94\" data-element_type=\"widget\" data-e-type=\"widget\" data-widget_type=\"heading.default\">\n\t\t\t\t\t<h2 class=\"elementor-heading-title elementor-size-default\">Partout o\u00f9 je suis<\/h2>\t\t\t\t<\/div>\n\t\t\t\t<div class=\"elementor-element elementor-element-76fd576 elementor-widget elementor-widget-heading\" data-id=\"76fd576\" data-element_type=\"widget\" data-e-type=\"widget\" data-widget_type=\"heading.default\">\n\t\t\t\t\t<h5 class=\"elementor-heading-title elementor-size-default\">Cr\u00e9ation en chantier<\/h5>\t\t\t\t<\/div>\n\t\t\t\t\t<\/div>\n\t\t\t\t<\/div>\n\t\t<div class=\"elementor-element elementor-element-bd1d944 e-flex e-con-boxed e-con e-parent\" data-id=\"bd1d944\" data-element_type=\"container\" data-e-type=\"container\">\n\t\t\t\t\t<div class=\"e-con-inner\">\n\t\t\t\t<div class=\"elementor-element elementor-element-8315c70 elementor-widget elementor-widget-text-editor\" data-id=\"8315c70\" data-element_type=\"widget\" data-e-type=\"widget\" data-widget_type=\"text-editor.default\">\n\t\t\t\t\t\t\t\t\t<p>Une \u00e9criture de plateau \u00e0 la recherche des mots pour apprivoiser l\u2019absence. Peut-on \u00e9crire et dire le vide ?<br \/>Comment parler de ce qui \u00e9chappe au langage ?<br \/>Le th\u00e9\u00e2tre nous permet-il de nous connecter \u00e0 nos morts ou \u00e0 ce qui est mort en nous ?<br \/>Le th\u00e9\u00e2tre peut-il nous (r\u00e9)apprendre la vie ?<\/p>\t\t\t\t\t\t\t\t<\/div>\n\t\t\t\t\t<\/div>\n\t\t\t\t<\/div>\n\t\t<div class=\"elementor-element elementor-element-a01d674 e-grid e-con-boxed e-con e-parent\" data-id=\"a01d674\" data-element_type=\"container\" data-e-type=\"container\">\n\t\t\t\t\t<div class=\"e-con-inner\">\n\t\t\t\t<div class=\"elementor-element elementor-element-026270f elementor-widget elementor-widget-text-editor\" data-id=\"026270f\" data-element_type=\"widget\" data-e-type=\"widget\" data-widget_type=\"text-editor.default\">\n\t\t\t\t\t\t\t\t\t<p>Complices<\/p><p>Delphine Bentolila | Fran\u00e7ois Cervantes |\u00a0 Mathieu Flamens | B\u00e9n\u00e9dicte Gilbert | Marie Payen<\/p><p>Soutiens<\/p><p>Cie de l&rsquo;Entreprise &#8211; F. Cervantes &#8211; La Friche Belle de mai<\/p>\t\t\t\t\t\t\t\t<\/div>\n\t\t\t\t<div class=\"elementor-element elementor-element-f935fa8 elementor-widget elementor-widget-image\" data-id=\"f935fa8\" data-element_type=\"widget\" data-e-type=\"widget\" data-widget_type=\"image.default\">\n\t\t\t\t\t\t\t\t\t\t\t\t\t\t\t<img fetchpriority=\"high\" decoding=\"async\" width=\"240\" height=\"300\" src=\"https:\/\/memento-anima.fr\/wp-content\/uploads\/2025\/11\/278969002_10159843311643630_40787493560962148_n-240x300.jpg\" class=\"attachment-medium size-medium wp-image-345\" alt=\"\" srcset=\"https:\/\/memento-anima.fr\/wp-content\/uploads\/2025\/11\/278969002_10159843311643630_40787493560962148_n-240x300.jpg 240w, https:\/\/memento-anima.fr\/wp-content\/uploads\/2025\/11\/278969002_10159843311643630_40787493560962148_n-819x1024.jpg 819w, https:\/\/memento-anima.fr\/wp-content\/uploads\/2025\/11\/278969002_10159843311643630_40787493560962148_n-768x960.jpg 768w, https:\/\/memento-anima.fr\/wp-content\/uploads\/2025\/11\/278969002_10159843311643630_40787493560962148_n-1229x1536.jpg 1229w, https:\/\/memento-anima.fr\/wp-content\/uploads\/2025\/11\/278969002_10159843311643630_40787493560962148_n.jpg 1440w\" sizes=\"(max-width: 240px) 100vw, 240px\" \/>\t\t\t\t\t\t\t\t\t\t\t\t\t\t\t<\/div>\n\t\t\t\t\t<\/div>\n\t\t\t\t<\/div>\n\t\t\t\t<\/div>\n\t\t","protected":false},"excerpt":{"rendered":"<p>Partout o\u00f9 je suis Cr\u00e9ation en chantier Une \u00e9criture de plateau \u00e0 la recherche des mots pour apprivoiser l\u2019absence. Peut-on \u00e9crire et dire le vide ?Comment parler de ce qui \u00e9chappe au langage ?Le th\u00e9\u00e2tre nous permet-il de nous connecter \u00e0 nos morts ou \u00e0 ce qui est mort en nous ?Le th\u00e9\u00e2tre peut-il nous [&hellip;]<\/p>\n","protected":false},"author":1,"featured_media":0,"parent":0,"menu_order":0,"comment_status":"closed","ping_status":"closed","template":"","meta":{"footnotes":""},"class_list":["post-573","page","type-page","status-publish","hentry"],"yoast_head":"<!-- This site is optimized with the Yoast SEO plugin v27.3 - https:\/\/yoast.com\/product\/yoast-seo-wordpress\/ -->\n<title>Partout o\u00f9 je suis - MEMENTO ANIMA<\/title>\n<meta name=\"robots\" content=\"index, follow, max-snippet:-1, max-image-preview:large, max-video-preview:-1\" \/>\n<link rel=\"canonical\" href=\"https:\/\/memento-anima.fr\/index.php\/partout-ou-je-suis\/\" \/>\n<meta property=\"og:locale\" content=\"fr_FR\" \/>\n<meta property=\"og:type\" content=\"article\" \/>\n<meta property=\"og:title\" content=\"Partout o\u00f9 je suis - MEMENTO ANIMA\" \/>\n<meta property=\"og:description\" content=\"Partout o\u00f9 je suis Cr\u00e9ation en chantier Une \u00e9criture de plateau \u00e0 la recherche des mots pour apprivoiser l\u2019absence. Peut-on \u00e9crire et dire le vide ?Comment parler de ce qui \u00e9chappe au langage ?Le th\u00e9\u00e2tre nous permet-il de nous connecter \u00e0 nos morts ou \u00e0 ce qui est mort en nous ?Le th\u00e9\u00e2tre peut-il nous [&hellip;]\" \/>\n<meta property=\"og:url\" content=\"https:\/\/memento-anima.fr\/index.php\/partout-ou-je-suis\/\" \/>\n<meta property=\"og:site_name\" content=\"MEMENTO ANIMA\" \/>\n<meta property=\"article:modified_time\" content=\"2025-12-21T18:42:08+00:00\" \/>\n<meta property=\"og:image\" content=\"https:\/\/memento-anima.fr\/wp-content\/uploads\/2025\/11\/278969002_10159843311643630_40787493560962148_n.jpg\" \/>\n\t<meta property=\"og:image:width\" content=\"1440\" \/>\n\t<meta property=\"og:image:height\" content=\"1800\" \/>\n\t<meta property=\"og:image:type\" content=\"image\/jpeg\" \/>\n<meta name=\"twitter:card\" content=\"summary_large_image\" \/>\n<meta name=\"twitter:label1\" content=\"Dur\u00e9e de lecture estim\u00e9e\" \/>\n\t<meta name=\"twitter:data1\" content=\"1 minute\" \/>\n<script type=\"application\/ld+json\" class=\"yoast-schema-graph\">{\"@context\":\"https:\\\/\\\/schema.org\",\"@graph\":[{\"@type\":\"WebPage\",\"@id\":\"https:\\\/\\\/memento-anima.fr\\\/index.php\\\/partout-ou-je-suis\\\/\",\"url\":\"https:\\\/\\\/memento-anima.fr\\\/index.php\\\/partout-ou-je-suis\\\/\",\"name\":\"Partout o\u00f9 je suis - MEMENTO ANIMA\",\"isPartOf\":{\"@id\":\"https:\\\/\\\/memento-anima.fr\\\/#website\"},\"primaryImageOfPage\":{\"@id\":\"https:\\\/\\\/memento-anima.fr\\\/index.php\\\/partout-ou-je-suis\\\/#primaryimage\"},\"image\":{\"@id\":\"https:\\\/\\\/memento-anima.fr\\\/index.php\\\/partout-ou-je-suis\\\/#primaryimage\"},\"thumbnailUrl\":\"https:\\\/\\\/memento-anima.fr\\\/wp-content\\\/uploads\\\/2025\\\/11\\\/278969002_10159843311643630_40787493560962148_n-240x300.jpg\",\"datePublished\":\"2025-11-11T16:14:56+00:00\",\"dateModified\":\"2025-12-21T18:42:08+00:00\",\"breadcrumb\":{\"@id\":\"https:\\\/\\\/memento-anima.fr\\\/index.php\\\/partout-ou-je-suis\\\/#breadcrumb\"},\"inLanguage\":\"fr-FR\",\"potentialAction\":[{\"@type\":\"ReadAction\",\"target\":[\"https:\\\/\\\/memento-anima.fr\\\/index.php\\\/partout-ou-je-suis\\\/\"]}]},{\"@type\":\"ImageObject\",\"inLanguage\":\"fr-FR\",\"@id\":\"https:\\\/\\\/memento-anima.fr\\\/index.php\\\/partout-ou-je-suis\\\/#primaryimage\",\"url\":\"https:\\\/\\\/memento-anima.fr\\\/wp-content\\\/uploads\\\/2025\\\/11\\\/278969002_10159843311643630_40787493560962148_n.jpg\",\"contentUrl\":\"https:\\\/\\\/memento-anima.fr\\\/wp-content\\\/uploads\\\/2025\\\/11\\\/278969002_10159843311643630_40787493560962148_n.jpg\",\"width\":1440,\"height\":1800},{\"@type\":\"BreadcrumbList\",\"@id\":\"https:\\\/\\\/memento-anima.fr\\\/index.php\\\/partout-ou-je-suis\\\/#breadcrumb\",\"itemListElement\":[{\"@type\":\"ListItem\",\"position\":1,\"name\":\"Accueil\",\"item\":\"https:\\\/\\\/memento-anima.fr\\\/\"},{\"@type\":\"ListItem\",\"position\":2,\"name\":\"Partout o\u00f9 je suis\"}]},{\"@type\":\"WebSite\",\"@id\":\"https:\\\/\\\/memento-anima.fr\\\/#website\",\"url\":\"https:\\\/\\\/memento-anima.fr\\\/\",\"name\":\"MEMENTO ANIMA\",\"description\":\"\",\"potentialAction\":[{\"@type\":\"SearchAction\",\"target\":{\"@type\":\"EntryPoint\",\"urlTemplate\":\"https:\\\/\\\/memento-anima.fr\\\/?s={search_term_string}\"},\"query-input\":{\"@type\":\"PropertyValueSpecification\",\"valueRequired\":true,\"valueName\":\"search_term_string\"}}],\"inLanguage\":\"fr-FR\"}]}<\/script>\n<!-- \/ Yoast SEO plugin. -->","yoast_head_json":{"title":"Partout o\u00f9 je suis - MEMENTO ANIMA","robots":{"index":"index","follow":"follow","max-snippet":"max-snippet:-1","max-image-preview":"max-image-preview:large","max-video-preview":"max-video-preview:-1"},"canonical":"https:\/\/memento-anima.fr\/index.php\/partout-ou-je-suis\/","og_locale":"fr_FR","og_type":"article","og_title":"Partout o\u00f9 je suis - MEMENTO ANIMA","og_description":"Partout o\u00f9 je suis Cr\u00e9ation en chantier Une \u00e9criture de plateau \u00e0 la recherche des mots pour apprivoiser l\u2019absence. Peut-on \u00e9crire et dire le vide ?Comment parler de ce qui \u00e9chappe au langage ?Le th\u00e9\u00e2tre nous permet-il de nous connecter \u00e0 nos morts ou \u00e0 ce qui est mort en nous ?Le th\u00e9\u00e2tre peut-il nous [&hellip;]","og_url":"https:\/\/memento-anima.fr\/index.php\/partout-ou-je-suis\/","og_site_name":"MEMENTO ANIMA","article_modified_time":"2025-12-21T18:42:08+00:00","og_image":[{"width":1440,"height":1800,"url":"https:\/\/memento-anima.fr\/wp-content\/uploads\/2025\/11\/278969002_10159843311643630_40787493560962148_n.jpg","type":"image\/jpeg"}],"twitter_card":"summary_large_image","twitter_misc":{"Dur\u00e9e de lecture estim\u00e9e":"1 minute"},"schema":{"@context":"https:\/\/schema.org","@graph":[{"@type":"WebPage","@id":"https:\/\/memento-anima.fr\/index.php\/partout-ou-je-suis\/","url":"https:\/\/memento-anima.fr\/index.php\/partout-ou-je-suis\/","name":"Partout o\u00f9 je suis - MEMENTO ANIMA","isPartOf":{"@id":"https:\/\/memento-anima.fr\/#website"},"primaryImageOfPage":{"@id":"https:\/\/memento-anima.fr\/index.php\/partout-ou-je-suis\/#primaryimage"},"image":{"@id":"https:\/\/memento-anima.fr\/index.php\/partout-ou-je-suis\/#primaryimage"},"thumbnailUrl":"https:\/\/memento-anima.fr\/wp-content\/uploads\/2025\/11\/278969002_10159843311643630_40787493560962148_n-240x300.jpg","datePublished":"2025-11-11T16:14:56+00:00","dateModified":"2025-12-21T18:42:08+00:00","breadcrumb":{"@id":"https:\/\/memento-anima.fr\/index.php\/partout-ou-je-suis\/#breadcrumb"},"inLanguage":"fr-FR","potentialAction":[{"@type":"ReadAction","target":["https:\/\/memento-anima.fr\/index.php\/partout-ou-je-suis\/"]}]},{"@type":"ImageObject","inLanguage":"fr-FR","@id":"https:\/\/memento-anima.fr\/index.php\/partout-ou-je-suis\/#primaryimage","url":"https:\/\/memento-anima.fr\/wp-content\/uploads\/2025\/11\/278969002_10159843311643630_40787493560962148_n.jpg","contentUrl":"https:\/\/memento-anima.fr\/wp-content\/uploads\/2025\/11\/278969002_10159843311643630_40787493560962148_n.jpg","width":1440,"height":1800},{"@type":"BreadcrumbList","@id":"https:\/\/memento-anima.fr\/index.php\/partout-ou-je-suis\/#breadcrumb","itemListElement":[{"@type":"ListItem","position":1,"name":"Accueil","item":"https:\/\/memento-anima.fr\/"},{"@type":"ListItem","position":2,"name":"Partout o\u00f9 je suis"}]},{"@type":"WebSite","@id":"https:\/\/memento-anima.fr\/#website","url":"https:\/\/memento-anima.fr\/","name":"MEMENTO ANIMA","description":"","potentialAction":[{"@type":"SearchAction","target":{"@type":"EntryPoint","urlTemplate":"https:\/\/memento-anima.fr\/?s={search_term_string}"},"query-input":{"@type":"PropertyValueSpecification","valueRequired":true,"valueName":"search_term_string"}}],"inLanguage":"fr-FR"}]}},"_links":{"self":[{"href":"https:\/\/memento-anima.fr\/index.php\/wp-json\/wp\/v2\/pages\/573","targetHints":{"allow":["GET"]}}],"collection":[{"href":"https:\/\/memento-anima.fr\/index.php\/wp-json\/wp\/v2\/pages"}],"about":[{"href":"https:\/\/memento-anima.fr\/index.php\/wp-json\/wp\/v2\/types\/page"}],"author":[{"embeddable":true,"href":"https:\/\/memento-anima.fr\/index.php\/wp-json\/wp\/v2\/users\/1"}],"replies":[{"embeddable":true,"href":"https:\/\/memento-anima.fr\/index.php\/wp-json\/wp\/v2\/comments?post=573"}],"version-history":[{"count":19,"href":"https:\/\/memento-anima.fr\/index.php\/wp-json\/wp\/v2\/pages\/573\/revisions"}],"predecessor-version":[{"id":822,"href":"https:\/\/memento-anima.fr\/index.php\/wp-json\/wp\/v2\/pages\/573\/revisions\/822"}],"wp:attachment":[{"href":"https:\/\/memento-anima.fr\/index.php\/wp-json\/wp\/v2\/media?parent=573"}],"curies":[{"name":"wp","href":"https:\/\/api.w.org\/{rel}","templated":true}]}}