{"id":507,"date":"2025-11-10T16:20:46","date_gmt":"2025-11-10T16:20:46","guid":{"rendered":"https:\/\/memento-anima.fr\/?page_id=507"},"modified":"2025-11-11T18:59:19","modified_gmt":"2025-11-11T17:59:19","slug":"latelier-decale","status":"publish","type":"page","link":"https:\/\/memento-anima.fr\/index.php\/latelier-decale\/","title":{"rendered":"L&rsquo;atelier d\u00e9cal\u00e9"},"content":{"rendered":"\t\t<div data-elementor-type=\"wp-page\" data-elementor-id=\"507\" class=\"elementor elementor-507\">\n\t\t\t\t<div class=\"elementor-element elementor-element-03bfb12 e-flex e-con-boxed e-con e-parent\" data-id=\"03bfb12\" data-element_type=\"container\" data-e-type=\"container\">\n\t\t\t\t\t<div class=\"e-con-inner\">\n\t\t\t\t<div class=\"elementor-element elementor-element-0a595cb elementor-widget elementor-widget-heading\" data-id=\"0a595cb\" data-element_type=\"widget\" data-e-type=\"widget\" data-widget_type=\"heading.default\">\n\t\t\t\t\t<h3 class=\"elementor-heading-title elementor-size-default\">L'atelier d\u00e9cal\u00e9<\/h3>\t\t\t\t<\/div>\n\t\t\t\t<div class=\"elementor-element elementor-element-e6a6d67 elementor-widget elementor-widget-text-editor\" data-id=\"e6a6d67\" data-element_type=\"widget\" data-e-type=\"widget\" data-widget_type=\"text-editor.default\">\n\t\t\t\t\t\t\t\t\t<p>Atelier et cr\u00e9ation th\u00e9\u00e2trale, pour les \u00e9l\u00e8ves du CAP s\u00e9rigraphie, b\u00e9n\u00e9ficiant du dispositif Ulys.<\/p><p>Les \u00e9l\u00e8ves ont co-cr\u00e9\u00e9 un spectacle d\u00e9cal\u00e9 sur le travail d&rsquo;\u00e9quipe \u00e0 l&rsquo;atelier de S\u00e9rigraphie.<\/p><p><br \/>Une autre mani\u00e8re d&rsquo;apprivoiser un environnement et de prendre la parole.<\/p><div>\u00a0<\/div>\t\t\t\t\t\t\t\t<\/div>\n\t\t\t\t\t<\/div>\n\t\t\t\t<\/div>\n\t\t<div class=\"elementor-element elementor-element-6db2202 e-flex e-con-boxed e-con e-parent\" data-id=\"6db2202\" data-element_type=\"container\" data-e-type=\"container\">\n\t\t\t\t\t<div class=\"e-con-inner\">\n\t\t\t\t<div class=\"elementor-element elementor-element-38964e8 elementor-widget elementor-widget-image\" data-id=\"38964e8\" data-element_type=\"widget\" data-e-type=\"widget\" data-widget_type=\"image.default\">\n\t\t\t\t\t\t\t\t\t\t\t\t\t\t\t<img fetchpriority=\"high\" decoding=\"async\" width=\"1024\" height=\"724\" src=\"https:\/\/memento-anima.fr\/wp-content\/uploads\/2025\/11\/ATELIER-DECALE-deroule-de-la-presentation-1024x724.jpg\" class=\"attachment-large size-large wp-image-530\" alt=\"\" srcset=\"https:\/\/memento-anima.fr\/wp-content\/uploads\/2025\/11\/ATELIER-DECALE-deroule-de-la-presentation-1024x724.jpg 1024w, https:\/\/memento-anima.fr\/wp-content\/uploads\/2025\/11\/ATELIER-DECALE-deroule-de-la-presentation-300x212.jpg 300w, https:\/\/memento-anima.fr\/wp-content\/uploads\/2025\/11\/ATELIER-DECALE-deroule-de-la-presentation-768x543.jpg 768w, https:\/\/memento-anima.fr\/wp-content\/uploads\/2025\/11\/ATELIER-DECALE-deroule-de-la-presentation-1536x1086.jpg 1536w, https:\/\/memento-anima.fr\/wp-content\/uploads\/2025\/11\/ATELIER-DECALE-deroule-de-la-presentation-2048x1448.jpg 2048w\" sizes=\"(max-width: 1024px) 100vw, 1024px\" \/>\t\t\t\t\t\t\t\t\t\t\t\t\t\t\t<\/div>\n\t\t\t\t\t<\/div>\n\t\t\t\t<\/div>\n\t\t<div class=\"elementor-element elementor-element-a755d35 e-flex e-con-boxed e-con e-parent\" data-id=\"a755d35\" data-element_type=\"container\" data-e-type=\"container\">\n\t\t\t\t\t<div class=\"e-con-inner\">\n\t\t\t\t<div class=\"elementor-element elementor-element-5afdc47 elementor-widget elementor-widget-image\" data-id=\"5afdc47\" data-element_type=\"widget\" data-e-type=\"widget\" data-widget_type=\"image.default\">\n\t\t\t\t\t\t\t\t\t\t\t\t\t\t\t<img decoding=\"async\" width=\"300\" height=\"125\" src=\"https:\/\/memento-anima.fr\/wp-content\/uploads\/2025\/11\/Logo_du_Pass_Culture-300x125.png\" class=\"attachment-medium size-medium wp-image-642\" alt=\"\" srcset=\"https:\/\/memento-anima.fr\/wp-content\/uploads\/2025\/11\/Logo_du_Pass_Culture-300x125.png 300w, https:\/\/memento-anima.fr\/wp-content\/uploads\/2025\/11\/Logo_du_Pass_Culture-1024x427.png 1024w, https:\/\/memento-anima.fr\/wp-content\/uploads\/2025\/11\/Logo_du_Pass_Culture-768x320.png 768w, https:\/\/memento-anima.fr\/wp-content\/uploads\/2025\/11\/Logo_du_Pass_Culture-1536x640.png 1536w, https:\/\/memento-anima.fr\/wp-content\/uploads\/2025\/11\/Logo_du_Pass_Culture-2048x853.png 2048w\" sizes=\"(max-width: 300px) 100vw, 300px\" \/>\t\t\t\t\t\t\t\t\t\t\t\t\t\t\t<\/div>\n\t\t\t\t\t<\/div>\n\t\t\t\t<\/div>\n\t\t\t\t<\/div>\n\t\t","protected":false},"excerpt":{"rendered":"<p>L&rsquo;atelier d\u00e9cal\u00e9 Atelier et cr\u00e9ation th\u00e9\u00e2trale, pour les \u00e9l\u00e8ves du CAP s\u00e9rigraphie, b\u00e9n\u00e9ficiant du dispositif Ulys. Les \u00e9l\u00e8ves ont co-cr\u00e9\u00e9 un spectacle d\u00e9cal\u00e9 sur le travail d&rsquo;\u00e9quipe \u00e0 l&rsquo;atelier de S\u00e9rigraphie. Une autre mani\u00e8re d&rsquo;apprivoiser un environnement et de prendre la parole. \u00a0<\/p>\n","protected":false},"author":1,"featured_media":0,"parent":0,"menu_order":0,"comment_status":"closed","ping_status":"closed","template":"","meta":{"footnotes":""},"class_list":["post-507","page","type-page","status-publish","hentry"],"yoast_head":"<!-- This site is optimized with the Yoast SEO plugin v27.3 - https:\/\/yoast.com\/product\/yoast-seo-wordpress\/ -->\n<title>L&#039;atelier d\u00e9cal\u00e9 - MEMENTO ANIMA<\/title>\n<meta name=\"robots\" content=\"index, follow, max-snippet:-1, max-image-preview:large, max-video-preview:-1\" \/>\n<link rel=\"canonical\" href=\"https:\/\/memento-anima.fr\/index.php\/latelier-decale\/\" \/>\n<meta property=\"og:locale\" content=\"fr_FR\" \/>\n<meta property=\"og:type\" content=\"article\" \/>\n<meta property=\"og:title\" content=\"L&#039;atelier d\u00e9cal\u00e9 - MEMENTO ANIMA\" \/>\n<meta property=\"og:description\" content=\"L&rsquo;atelier d\u00e9cal\u00e9 Atelier et cr\u00e9ation th\u00e9\u00e2trale, pour les \u00e9l\u00e8ves du CAP s\u00e9rigraphie, b\u00e9n\u00e9ficiant du dispositif Ulys. Les \u00e9l\u00e8ves ont co-cr\u00e9\u00e9 un spectacle d\u00e9cal\u00e9 sur le travail d&rsquo;\u00e9quipe \u00e0 l&rsquo;atelier de S\u00e9rigraphie. Une autre mani\u00e8re d&rsquo;apprivoiser un environnement et de prendre la parole. \u00a0\" \/>\n<meta property=\"og:url\" content=\"https:\/\/memento-anima.fr\/index.php\/latelier-decale\/\" \/>\n<meta property=\"og:site_name\" content=\"MEMENTO ANIMA\" \/>\n<meta property=\"article:modified_time\" content=\"2025-11-11T17:59:19+00:00\" \/>\n<meta property=\"og:image\" content=\"https:\/\/memento-anima.fr\/wp-content\/uploads\/2025\/11\/ATELIER-DECALE-deroule-de-la-presentation-1024x724.jpg\" \/>\n<meta name=\"twitter:card\" content=\"summary_large_image\" \/>\n<meta name=\"twitter:label1\" content=\"Dur\u00e9e de lecture estim\u00e9e\" \/>\n\t<meta name=\"twitter:data1\" content=\"1 minute\" \/>\n<script type=\"application\/ld+json\" class=\"yoast-schema-graph\">{\"@context\":\"https:\\\/\\\/schema.org\",\"@graph\":[{\"@type\":\"WebPage\",\"@id\":\"https:\\\/\\\/memento-anima.fr\\\/index.php\\\/latelier-decale\\\/\",\"url\":\"https:\\\/\\\/memento-anima.fr\\\/index.php\\\/latelier-decale\\\/\",\"name\":\"L'atelier d\u00e9cal\u00e9 - MEMENTO ANIMA\",\"isPartOf\":{\"@id\":\"https:\\\/\\\/memento-anima.fr\\\/#website\"},\"primaryImageOfPage\":{\"@id\":\"https:\\\/\\\/memento-anima.fr\\\/index.php\\\/latelier-decale\\\/#primaryimage\"},\"image\":{\"@id\":\"https:\\\/\\\/memento-anima.fr\\\/index.php\\\/latelier-decale\\\/#primaryimage\"},\"thumbnailUrl\":\"http:\\\/\\\/memento-anima.fr\\\/wp-content\\\/uploads\\\/2025\\\/11\\\/ATELIER-DECALE-deroule-de-la-presentation-1024x724.jpg\",\"datePublished\":\"2025-11-10T16:20:46+00:00\",\"dateModified\":\"2025-11-11T17:59:19+00:00\",\"breadcrumb\":{\"@id\":\"https:\\\/\\\/memento-anima.fr\\\/index.php\\\/latelier-decale\\\/#breadcrumb\"},\"inLanguage\":\"fr-FR\",\"potentialAction\":[{\"@type\":\"ReadAction\",\"target\":[\"https:\\\/\\\/memento-anima.fr\\\/index.php\\\/latelier-decale\\\/\"]}]},{\"@type\":\"ImageObject\",\"inLanguage\":\"fr-FR\",\"@id\":\"https:\\\/\\\/memento-anima.fr\\\/index.php\\\/latelier-decale\\\/#primaryimage\",\"url\":\"https:\\\/\\\/memento-anima.fr\\\/wp-content\\\/uploads\\\/2025\\\/11\\\/ATELIER-DECALE-deroule-de-la-presentation-scaled.jpg\",\"contentUrl\":\"https:\\\/\\\/memento-anima.fr\\\/wp-content\\\/uploads\\\/2025\\\/11\\\/ATELIER-DECALE-deroule-de-la-presentation-scaled.jpg\",\"width\":2560,\"height\":1810},{\"@type\":\"BreadcrumbList\",\"@id\":\"https:\\\/\\\/memento-anima.fr\\\/index.php\\\/latelier-decale\\\/#breadcrumb\",\"itemListElement\":[{\"@type\":\"ListItem\",\"position\":1,\"name\":\"Accueil\",\"item\":\"https:\\\/\\\/memento-anima.fr\\\/\"},{\"@type\":\"ListItem\",\"position\":2,\"name\":\"L&rsquo;atelier d\u00e9cal\u00e9\"}]},{\"@type\":\"WebSite\",\"@id\":\"https:\\\/\\\/memento-anima.fr\\\/#website\",\"url\":\"https:\\\/\\\/memento-anima.fr\\\/\",\"name\":\"MEMENTO ANIMA\",\"description\":\"\",\"potentialAction\":[{\"@type\":\"SearchAction\",\"target\":{\"@type\":\"EntryPoint\",\"urlTemplate\":\"https:\\\/\\\/memento-anima.fr\\\/?s={search_term_string}\"},\"query-input\":{\"@type\":\"PropertyValueSpecification\",\"valueRequired\":true,\"valueName\":\"search_term_string\"}}],\"inLanguage\":\"fr-FR\"}]}<\/script>\n<!-- \/ Yoast SEO plugin. -->","yoast_head_json":{"title":"L'atelier d\u00e9cal\u00e9 - MEMENTO ANIMA","robots":{"index":"index","follow":"follow","max-snippet":"max-snippet:-1","max-image-preview":"max-image-preview:large","max-video-preview":"max-video-preview:-1"},"canonical":"https:\/\/memento-anima.fr\/index.php\/latelier-decale\/","og_locale":"fr_FR","og_type":"article","og_title":"L'atelier d\u00e9cal\u00e9 - MEMENTO ANIMA","og_description":"L&rsquo;atelier d\u00e9cal\u00e9 Atelier et cr\u00e9ation th\u00e9\u00e2trale, pour les \u00e9l\u00e8ves du CAP s\u00e9rigraphie, b\u00e9n\u00e9ficiant du dispositif Ulys. Les \u00e9l\u00e8ves ont co-cr\u00e9\u00e9 un spectacle d\u00e9cal\u00e9 sur le travail d&rsquo;\u00e9quipe \u00e0 l&rsquo;atelier de S\u00e9rigraphie. Une autre mani\u00e8re d&rsquo;apprivoiser un environnement et de prendre la parole. \u00a0","og_url":"https:\/\/memento-anima.fr\/index.php\/latelier-decale\/","og_site_name":"MEMENTO ANIMA","article_modified_time":"2025-11-11T17:59:19+00:00","og_image":[{"url":"https:\/\/memento-anima.fr\/wp-content\/uploads\/2025\/11\/ATELIER-DECALE-deroule-de-la-presentation-1024x724.jpg","type":"","width":"","height":""}],"twitter_card":"summary_large_image","twitter_misc":{"Dur\u00e9e de lecture estim\u00e9e":"1 minute"},"schema":{"@context":"https:\/\/schema.org","@graph":[{"@type":"WebPage","@id":"https:\/\/memento-anima.fr\/index.php\/latelier-decale\/","url":"https:\/\/memento-anima.fr\/index.php\/latelier-decale\/","name":"L'atelier d\u00e9cal\u00e9 - MEMENTO ANIMA","isPartOf":{"@id":"https:\/\/memento-anima.fr\/#website"},"primaryImageOfPage":{"@id":"https:\/\/memento-anima.fr\/index.php\/latelier-decale\/#primaryimage"},"image":{"@id":"https:\/\/memento-anima.fr\/index.php\/latelier-decale\/#primaryimage"},"thumbnailUrl":"https:\/\/memento-anima.fr\/wp-content\/uploads\/2025\/11\/ATELIER-DECALE-deroule-de-la-presentation-1024x724.jpg","datePublished":"2025-11-10T16:20:46+00:00","dateModified":"2025-11-11T17:59:19+00:00","breadcrumb":{"@id":"https:\/\/memento-anima.fr\/index.php\/latelier-decale\/#breadcrumb"},"inLanguage":"fr-FR","potentialAction":[{"@type":"ReadAction","target":["https:\/\/memento-anima.fr\/index.php\/latelier-decale\/"]}]},{"@type":"ImageObject","inLanguage":"fr-FR","@id":"https:\/\/memento-anima.fr\/index.php\/latelier-decale\/#primaryimage","url":"https:\/\/memento-anima.fr\/wp-content\/uploads\/2025\/11\/ATELIER-DECALE-deroule-de-la-presentation-scaled.jpg","contentUrl":"https:\/\/memento-anima.fr\/wp-content\/uploads\/2025\/11\/ATELIER-DECALE-deroule-de-la-presentation-scaled.jpg","width":2560,"height":1810},{"@type":"BreadcrumbList","@id":"https:\/\/memento-anima.fr\/index.php\/latelier-decale\/#breadcrumb","itemListElement":[{"@type":"ListItem","position":1,"name":"Accueil","item":"https:\/\/memento-anima.fr\/"},{"@type":"ListItem","position":2,"name":"L&rsquo;atelier d\u00e9cal\u00e9"}]},{"@type":"WebSite","@id":"https:\/\/memento-anima.fr\/#website","url":"https:\/\/memento-anima.fr\/","name":"MEMENTO ANIMA","description":"","potentialAction":[{"@type":"SearchAction","target":{"@type":"EntryPoint","urlTemplate":"https:\/\/memento-anima.fr\/?s={search_term_string}"},"query-input":{"@type":"PropertyValueSpecification","valueRequired":true,"valueName":"search_term_string"}}],"inLanguage":"fr-FR"}]}},"_links":{"self":[{"href":"https:\/\/memento-anima.fr\/index.php\/wp-json\/wp\/v2\/pages\/507","targetHints":{"allow":["GET"]}}],"collection":[{"href":"https:\/\/memento-anima.fr\/index.php\/wp-json\/wp\/v2\/pages"}],"about":[{"href":"https:\/\/memento-anima.fr\/index.php\/wp-json\/wp\/v2\/types\/page"}],"author":[{"embeddable":true,"href":"https:\/\/memento-anima.fr\/index.php\/wp-json\/wp\/v2\/users\/1"}],"replies":[{"embeddable":true,"href":"https:\/\/memento-anima.fr\/index.php\/wp-json\/wp\/v2\/comments?post=507"}],"version-history":[{"count":13,"href":"https:\/\/memento-anima.fr\/index.php\/wp-json\/wp\/v2\/pages\/507\/revisions"}],"predecessor-version":[{"id":645,"href":"https:\/\/memento-anima.fr\/index.php\/wp-json\/wp\/v2\/pages\/507\/revisions\/645"}],"wp:attachment":[{"href":"https:\/\/memento-anima.fr\/index.php\/wp-json\/wp\/v2\/media?parent=507"}],"curies":[{"name":"wp","href":"https:\/\/api.w.org\/{rel}","templated":true}]}}