{"id":438,"date":"2025-11-10T15:11:33","date_gmt":"2025-11-10T15:11:33","guid":{"rendered":"https:\/\/memento-anima.fr\/?page_id=438"},"modified":"2025-11-10T18:25:21","modified_gmt":"2025-11-10T18:25:21","slug":"bio-am","status":"publish","type":"page","link":"https:\/\/memento-anima.fr\/index.php\/bio-am\/","title":{"rendered":"Bio AM"},"content":{"rendered":"\t\t<div data-elementor-type=\"wp-page\" data-elementor-id=\"438\" class=\"elementor elementor-438\">\n\t\t\t\t<div class=\"elementor-element elementor-element-9bbc322 e-flex e-con-boxed e-con e-parent\" data-id=\"9bbc322\" data-element_type=\"container\" data-e-type=\"container\">\n\t\t\t\t\t<div class=\"e-con-inner\">\n\t\t\t\t<div class=\"elementor-element elementor-element-bab5756 elementor-widget elementor-widget-image\" data-id=\"bab5756\" data-element_type=\"widget\" data-e-type=\"widget\" data-widget_type=\"image.default\">\n\t\t\t\t\t\t\t\t\t\t\t\t\t\t\t<img fetchpriority=\"high\" decoding=\"async\" width=\"300\" height=\"200\" src=\"https:\/\/memento-anima.fr\/wp-content\/uploads\/2025\/11\/A.duRivau\u00a9O.Allard-300x200.jpg\" class=\"attachment-medium size-medium wp-image-440\" alt=\"\" srcset=\"https:\/\/memento-anima.fr\/wp-content\/uploads\/2025\/11\/A.duRivau\u00a9O.Allard-300x200.jpg 300w, https:\/\/memento-anima.fr\/wp-content\/uploads\/2025\/11\/A.duRivau\u00a9O.Allard.jpg 650w\" sizes=\"(max-width: 300px) 100vw, 300px\" \/>\t\t\t\t\t\t\t\t\t\t\t\t\t\t\t<\/div>\n\t\t\t\t\t<\/div>\n\t\t\t\t<\/div>\n\t\t<div class=\"elementor-element elementor-element-5c59401 e-flex e-con-boxed e-con e-parent\" data-id=\"5c59401\" data-element_type=\"container\" data-e-type=\"container\">\n\t\t\t\t\t<div class=\"e-con-inner\">\n\t\t\t\t<div class=\"elementor-element elementor-element-d469946 elementor-widget elementor-widget-text-editor\" data-id=\"d469946\" data-element_type=\"widget\" data-e-type=\"widget\" data-widget_type=\"text-editor.default\">\n\t\t\t\t\t\t\t\t\t<p>Com\u00e9dienne et metteuse en sc\u00e8ne, AMANDINE DU RIVAU s\u2019est orient\u00e9e depuis plusieurs ann\u00e9es vers la cr\u00e9ation contemporaine et d\u00e9fend les \u00e9critures du r\u00e9el.<\/p><p>Elle a fond\u00e9 et co-dirig\u00e9 la Cie Sept- Ep\u00e9es en Touraine de 2001 \u00e0 2014. Elle y cr\u00e9e et joue Ariane ou Naxos- El\u00e9gie, un texte in\u00e9dit de Olivier Borda\u00e7arre (\u00e9dit\u00e9 chez Fayard), accompagn\u00e9e du percussionniste St\u00e9phane Babiaud (EZ\u00e9kiel). Elle participe \u00e0 plusieurs cr\u00e9ations de la Cie et d\u00e9veloppe un projet de territoire.<\/p><p>Des d\u00e9m\u00e9nagements familiaux l\u2019\u00e9loignent de la Touraine et elle commence \u00e0 travailler comme metteuse en sc\u00e8ne et dramaturge. Elle collabore avec Eva Vallejo pour sa cr\u00e9ation de dehors peste le chiffre noir, au Th\u00e9\u00e2tre du Nord et au Th\u00e9\u00e2tre du Rond-Point \u00e0 Paris. Elle adapte et met en sc\u00e8ne Rimbaud, l\u2019alchimie du verbe, sur des musiques de O.Messiaen et Disco Pigs de E. Walsh avec la Cie AZelig \u00e0 Paris (cr\u00e9ation fran\u00e7aise). Elle met en sc\u00e8ne plusieurs op\u00e9ras pour L\u2019EdS \u2013 direction musicale Pierre Frantz, \u00e0 l\u2019Arc-Sc\u00e8ne nationale du Creusot. Elle explore toutes mati\u00e8res textuelles pour adapter et remodeler l\u2019\u00e9criture, notamment plusieurs livrets d\u2019op\u00e9ras.<\/p><p>En 2012, elle rencontre Fida Mohissen, artiste franco-syrien et directeur du 11 \u2022 Avignon. Elle l\u2019accompagne dans son travail d\u2019\u00e9criture et de mise en sc\u00e8ne. Elle joue dans sa derni\u00e8re cr\u00e9ation : \u00d4 toi que j\u2019aime ou le r\u00e9cit d\u2019une apocalypse. En 2021, elle collabore \u00e0 nouveau avec la Cie Sept- Ep\u00e9es en adaptant et mettant en sc\u00e8ne un Quichotte.<\/p><p>Elle int\u00e8gre ByCollectif \u00e0 Toulouse, o\u00f9 elle exp\u00e9rimente le travail et l\u2019\u00e9criture collective de plateau. Elle joue dans Rachel, danser avec nos morts et dans leur derni\u00e8re cr\u00e9ation en tourn\u00e9e Gr\u00e9gory.<\/p><p>\u00c0 Marseille, elle assiste Fran\u00e7ois Cervantes (Cie l\u2019Entreprise &#8211; La Friche Belle de mai) pour la cr\u00e9ation de Shahada, un ailleurs est toujours possible.<\/p><p>Elle choisit de d\u00e9velopper sa propre compagnie Memento Anima et de faire un travail de territoire sur cette ville, en allant \u00e0 la rencontre des publics \u00e9loign\u00e9s des th\u00e9\u00e2tres et dont la parole est rarement port\u00e9e sur sc\u00e8ne, notamment les jeunes b\u00e9n\u00e9ficiant du dispositif Ulis et les UP2A.<\/p><p>Depuis 2024, elle est artiste associ\u00e9e aux actions culturelles du Th\u00e9\u00e2tre Joliette (Marseille).<\/p>\t\t\t\t\t\t\t\t<\/div>\n\t\t\t\t\t<\/div>\n\t\t\t\t<\/div>\n\t\t\t\t<\/div>\n\t\t","protected":false},"excerpt":{"rendered":"<p>Com\u00e9dienne et metteuse en sc\u00e8ne, AMANDINE DU RIVAU s\u2019est orient\u00e9e depuis plusieurs ann\u00e9es vers la cr\u00e9ation contemporaine et d\u00e9fend les \u00e9critures du r\u00e9el. Elle a fond\u00e9 et co-dirig\u00e9 la Cie Sept- Ep\u00e9es en Touraine de 2001 \u00e0 2014. Elle y cr\u00e9e et joue Ariane ou Naxos- El\u00e9gie, un texte in\u00e9dit de Olivier Borda\u00e7arre (\u00e9dit\u00e9 chez [&hellip;]<\/p>\n","protected":false},"author":1,"featured_media":0,"parent":0,"menu_order":0,"comment_status":"closed","ping_status":"closed","template":"","meta":{"footnotes":""},"class_list":["post-438","page","type-page","status-publish","hentry"],"yoast_head":"<!-- This site is optimized with the Yoast SEO plugin v27.3 - https:\/\/yoast.com\/product\/yoast-seo-wordpress\/ -->\n<title>Bio AM - MEMENTO ANIMA<\/title>\n<meta name=\"robots\" content=\"index, follow, max-snippet:-1, max-image-preview:large, max-video-preview:-1\" \/>\n<link rel=\"canonical\" href=\"https:\/\/memento-anima.fr\/index.php\/bio-am\/\" \/>\n<meta property=\"og:locale\" content=\"fr_FR\" \/>\n<meta property=\"og:type\" content=\"article\" \/>\n<meta property=\"og:title\" content=\"Bio AM - MEMENTO ANIMA\" \/>\n<meta property=\"og:description\" content=\"Com\u00e9dienne et metteuse en sc\u00e8ne, AMANDINE DU RIVAU s\u2019est orient\u00e9e depuis plusieurs ann\u00e9es vers la cr\u00e9ation contemporaine et d\u00e9fend les \u00e9critures du r\u00e9el. Elle a fond\u00e9 et co-dirig\u00e9 la Cie Sept- Ep\u00e9es en Touraine de 2001 \u00e0 2014. Elle y cr\u00e9e et joue Ariane ou Naxos- El\u00e9gie, un texte in\u00e9dit de Olivier Borda\u00e7arre (\u00e9dit\u00e9 chez [&hellip;]\" \/>\n<meta property=\"og:url\" content=\"https:\/\/memento-anima.fr\/index.php\/bio-am\/\" \/>\n<meta property=\"og:site_name\" content=\"MEMENTO ANIMA\" \/>\n<meta property=\"article:modified_time\" content=\"2025-11-10T18:25:21+00:00\" \/>\n<meta name=\"twitter:card\" content=\"summary_large_image\" \/>\n<meta name=\"twitter:label1\" content=\"Dur\u00e9e de lecture estim\u00e9e\" \/>\n\t<meta name=\"twitter:data1\" content=\"2 minutes\" \/>\n<script type=\"application\/ld+json\" class=\"yoast-schema-graph\">{\"@context\":\"https:\\\/\\\/schema.org\",\"@graph\":[{\"@type\":\"WebPage\",\"@id\":\"https:\\\/\\\/memento-anima.fr\\\/index.php\\\/bio-am\\\/\",\"url\":\"https:\\\/\\\/memento-anima.fr\\\/index.php\\\/bio-am\\\/\",\"name\":\"Bio AM - MEMENTO ANIMA\",\"isPartOf\":{\"@id\":\"https:\\\/\\\/memento-anima.fr\\\/#website\"},\"datePublished\":\"2025-11-10T15:11:33+00:00\",\"dateModified\":\"2025-11-10T18:25:21+00:00\",\"breadcrumb\":{\"@id\":\"https:\\\/\\\/memento-anima.fr\\\/index.php\\\/bio-am\\\/#breadcrumb\"},\"inLanguage\":\"fr-FR\",\"potentialAction\":[{\"@type\":\"ReadAction\",\"target\":[\"https:\\\/\\\/memento-anima.fr\\\/index.php\\\/bio-am\\\/\"]}]},{\"@type\":\"BreadcrumbList\",\"@id\":\"https:\\\/\\\/memento-anima.fr\\\/index.php\\\/bio-am\\\/#breadcrumb\",\"itemListElement\":[{\"@type\":\"ListItem\",\"position\":1,\"name\":\"Accueil\",\"item\":\"https:\\\/\\\/memento-anima.fr\\\/\"},{\"@type\":\"ListItem\",\"position\":2,\"name\":\"Bio AM\"}]},{\"@type\":\"WebSite\",\"@id\":\"https:\\\/\\\/memento-anima.fr\\\/#website\",\"url\":\"https:\\\/\\\/memento-anima.fr\\\/\",\"name\":\"MEMENTO ANIMA\",\"description\":\"\",\"potentialAction\":[{\"@type\":\"SearchAction\",\"target\":{\"@type\":\"EntryPoint\",\"urlTemplate\":\"https:\\\/\\\/memento-anima.fr\\\/?s={search_term_string}\"},\"query-input\":{\"@type\":\"PropertyValueSpecification\",\"valueRequired\":true,\"valueName\":\"search_term_string\"}}],\"inLanguage\":\"fr-FR\"}]}<\/script>\n<!-- \/ Yoast SEO plugin. -->","yoast_head_json":{"title":"Bio AM - MEMENTO ANIMA","robots":{"index":"index","follow":"follow","max-snippet":"max-snippet:-1","max-image-preview":"max-image-preview:large","max-video-preview":"max-video-preview:-1"},"canonical":"https:\/\/memento-anima.fr\/index.php\/bio-am\/","og_locale":"fr_FR","og_type":"article","og_title":"Bio AM - MEMENTO ANIMA","og_description":"Com\u00e9dienne et metteuse en sc\u00e8ne, AMANDINE DU RIVAU s\u2019est orient\u00e9e depuis plusieurs ann\u00e9es vers la cr\u00e9ation contemporaine et d\u00e9fend les \u00e9critures du r\u00e9el. Elle a fond\u00e9 et co-dirig\u00e9 la Cie Sept- Ep\u00e9es en Touraine de 2001 \u00e0 2014. Elle y cr\u00e9e et joue Ariane ou Naxos- El\u00e9gie, un texte in\u00e9dit de Olivier Borda\u00e7arre (\u00e9dit\u00e9 chez [&hellip;]","og_url":"https:\/\/memento-anima.fr\/index.php\/bio-am\/","og_site_name":"MEMENTO ANIMA","article_modified_time":"2025-11-10T18:25:21+00:00","twitter_card":"summary_large_image","twitter_misc":{"Dur\u00e9e de lecture estim\u00e9e":"2 minutes"},"schema":{"@context":"https:\/\/schema.org","@graph":[{"@type":"WebPage","@id":"https:\/\/memento-anima.fr\/index.php\/bio-am\/","url":"https:\/\/memento-anima.fr\/index.php\/bio-am\/","name":"Bio AM - MEMENTO ANIMA","isPartOf":{"@id":"https:\/\/memento-anima.fr\/#website"},"datePublished":"2025-11-10T15:11:33+00:00","dateModified":"2025-11-10T18:25:21+00:00","breadcrumb":{"@id":"https:\/\/memento-anima.fr\/index.php\/bio-am\/#breadcrumb"},"inLanguage":"fr-FR","potentialAction":[{"@type":"ReadAction","target":["https:\/\/memento-anima.fr\/index.php\/bio-am\/"]}]},{"@type":"BreadcrumbList","@id":"https:\/\/memento-anima.fr\/index.php\/bio-am\/#breadcrumb","itemListElement":[{"@type":"ListItem","position":1,"name":"Accueil","item":"https:\/\/memento-anima.fr\/"},{"@type":"ListItem","position":2,"name":"Bio AM"}]},{"@type":"WebSite","@id":"https:\/\/memento-anima.fr\/#website","url":"https:\/\/memento-anima.fr\/","name":"MEMENTO ANIMA","description":"","potentialAction":[{"@type":"SearchAction","target":{"@type":"EntryPoint","urlTemplate":"https:\/\/memento-anima.fr\/?s={search_term_string}"},"query-input":{"@type":"PropertyValueSpecification","valueRequired":true,"valueName":"search_term_string"}}],"inLanguage":"fr-FR"}]}},"_links":{"self":[{"href":"https:\/\/memento-anima.fr\/index.php\/wp-json\/wp\/v2\/pages\/438","targetHints":{"allow":["GET"]}}],"collection":[{"href":"https:\/\/memento-anima.fr\/index.php\/wp-json\/wp\/v2\/pages"}],"about":[{"href":"https:\/\/memento-anima.fr\/index.php\/wp-json\/wp\/v2\/types\/page"}],"author":[{"embeddable":true,"href":"https:\/\/memento-anima.fr\/index.php\/wp-json\/wp\/v2\/users\/1"}],"replies":[{"embeddable":true,"href":"https:\/\/memento-anima.fr\/index.php\/wp-json\/wp\/v2\/comments?post=438"}],"version-history":[{"count":7,"href":"https:\/\/memento-anima.fr\/index.php\/wp-json\/wp\/v2\/pages\/438\/revisions"}],"predecessor-version":[{"id":543,"href":"https:\/\/memento-anima.fr\/index.php\/wp-json\/wp\/v2\/pages\/438\/revisions\/543"}],"wp:attachment":[{"href":"https:\/\/memento-anima.fr\/index.php\/wp-json\/wp\/v2\/media?parent=438"}],"curies":[{"name":"wp","href":"https:\/\/api.w.org\/{rel}","templated":true}]}}