{"id":416,"date":"2025-11-10T14:40:43","date_gmt":"2025-11-10T14:40:43","guid":{"rendered":"https:\/\/memento-anima.fr\/?page_id=416"},"modified":"2025-12-16T12:33:36","modified_gmt":"2025-12-16T11:33:36","slug":"mediations-2","status":"publish","type":"page","link":"https:\/\/memento-anima.fr\/index.php\/mediations-2\/","title":{"rendered":"M\u00e9diations"},"content":{"rendered":"\t\t<div data-elementor-type=\"wp-page\" data-elementor-id=\"416\" class=\"elementor elementor-416\">\n\t\t\t\t<div class=\"elementor-element elementor-element-b73946e e-grid e-con-boxed e-con e-parent\" data-id=\"b73946e\" data-element_type=\"container\" data-e-type=\"container\">\n\t\t\t\t\t<div class=\"e-con-inner\">\n\t\t\t\t<div class=\"elementor-element elementor-element-1708bc6 elementor-widget elementor-widget-text-editor\" data-id=\"1708bc6\" data-element_type=\"widget\" data-e-type=\"widget\" data-widget_type=\"text-editor.default\">\n\t\t\t\t\t\t\t\t\t<h5 style=\"text-align: right;\"><span style=\"color: #333333;\">(se) raconter une histoire\u00a0<\/span><\/h5><h5 style=\"text-align: right;\"><span style=\"color: #333333;\">Monte cristo<\/span><\/h5>\t\t\t\t\t\t\t\t<\/div>\n\t\t\t\t<div class=\"elementor-element elementor-element-62731c2 elementor-widget elementor-widget-image\" data-id=\"62731c2\" data-element_type=\"widget\" data-e-type=\"widget\" data-widget_type=\"image.default\">\n\t\t\t\t\t\t\t\t\t\t\t\t\t\t\t\t<a href=\"https:\/\/memento-anima.fr\/index.php\/se-raconter-une-histoire\/\">\n\t\t\t\t\t\t\t<img fetchpriority=\"high\" decoding=\"async\" width=\"212\" height=\"300\" src=\"https:\/\/memento-anima.fr\/wp-content\/uploads\/2025\/11\/212796073_10159326538593630_490524700500612890_n-212x300.jpg\" class=\"attachment-medium size-medium wp-image-422\" alt=\"\" srcset=\"https:\/\/memento-anima.fr\/wp-content\/uploads\/2025\/11\/212796073_10159326538593630_490524700500612890_n-212x300.jpg 212w, https:\/\/memento-anima.fr\/wp-content\/uploads\/2025\/11\/212796073_10159326538593630_490524700500612890_n-725x1024.jpg 725w, https:\/\/memento-anima.fr\/wp-content\/uploads\/2025\/11\/212796073_10159326538593630_490524700500612890_n-768x1084.jpg 768w, https:\/\/memento-anima.fr\/wp-content\/uploads\/2025\/11\/212796073_10159326538593630_490524700500612890_n-1088x1536.jpg 1088w, https:\/\/memento-anima.fr\/wp-content\/uploads\/2025\/11\/212796073_10159326538593630_490524700500612890_n.jpg 1427w\" sizes=\"(max-width: 212px) 100vw, 212px\" \/>\t\t\t\t\t\t\t\t<\/a>\n\t\t\t\t\t\t\t\t\t\t\t\t\t\t\t<\/div>\n\t\t\t\t<div class=\"elementor-element elementor-element-1b1fa99 elementor-widget elementor-widget-text-editor\" data-id=\"1b1fa99\" data-element_type=\"widget\" data-e-type=\"widget\" data-widget_type=\"text-editor.default\">\n\t\t\t\t\t\t\t\t\t<h5>Irsam Arc en ciel &#8211; Marseille<\/h5><h5>Lyc\u00e9e pro Colbert &#8211; Marseille<\/h5><h5 style=\"text-align: left;\">Th\u00e9\u00e2tre la Cri\u00e9e &#8211; Marseille<\/h5>\t\t\t\t\t\t\t\t<\/div>\n\t\t\t\t\t<\/div>\n\t\t\t\t<\/div>\n\t\t<div class=\"elementor-element elementor-element-331c970 e-flex e-con-boxed e-con e-parent\" data-id=\"331c970\" data-element_type=\"container\" data-e-type=\"container\">\n\t\t\t\t\t<div class=\"e-con-inner\">\n\t\t\t\t<div class=\"elementor-element elementor-element-a6202ce elementor-widget elementor-widget-spacer\" data-id=\"a6202ce\" data-element_type=\"widget\" data-e-type=\"widget\" data-widget_type=\"spacer.default\">\n\t\t\t\t\t\t\t<div class=\"elementor-spacer\">\n\t\t\t<div class=\"elementor-spacer-inner\"><\/div>\n\t\t<\/div>\n\t\t\t\t\t\t<\/div>\n\t\t\t\t\t<\/div>\n\t\t\t\t<\/div>\n\t\t<div class=\"elementor-element elementor-element-dd36bb3 e-grid e-con-boxed e-con e-parent\" data-id=\"dd36bb3\" data-element_type=\"container\" data-e-type=\"container\">\n\t\t\t\t\t<div class=\"e-con-inner\">\n\t\t\t\t<div class=\"elementor-element elementor-element-b79b16e elementor-widget elementor-widget-text-editor\" data-id=\"b79b16e\" data-element_type=\"widget\" data-e-type=\"widget\" data-widget_type=\"text-editor.default\">\n\t\t\t\t\t\t\t\t\t<h5 style=\"text-align: right;\"><span style=\"color: #333333;\">Artiste associ\u00e9e<\/span><\/h5><h5 style=\"text-align: right;\"><span style=\"color: #333333;\">aux actions culturelles<\/span><\/h5><h5 style=\"text-align: right;\"><span style=\"color: #333333;\">Th\u00e9\u00e2tre Joliette<\/span><\/h5>\t\t\t\t\t\t\t\t<\/div>\n\t\t\t\t<div class=\"elementor-element elementor-element-baffc84 elementor-widget elementor-widget-image\" data-id=\"baffc84\" data-element_type=\"widget\" data-e-type=\"widget\" data-widget_type=\"image.default\">\n\t\t\t\t\t\t\t\t\t\t\t\t\t\t\t\t<a href=\"https:\/\/memento-anima.fr\/index.php\/theatre-joliette\/\">\n\t\t\t\t\t\t\t<img decoding=\"async\" width=\"225\" height=\"300\" src=\"https:\/\/memento-anima.fr\/wp-content\/uploads\/2025\/11\/VIsuel-225x300.jpg\" class=\"attachment-medium size-medium wp-image-426\" alt=\"\" srcset=\"https:\/\/memento-anima.fr\/wp-content\/uploads\/2025\/11\/VIsuel-225x300.jpg 225w, https:\/\/memento-anima.fr\/wp-content\/uploads\/2025\/11\/VIsuel-768x1024.jpg 768w, https:\/\/memento-anima.fr\/wp-content\/uploads\/2025\/11\/VIsuel-1152x1536.jpg 1152w, https:\/\/memento-anima.fr\/wp-content\/uploads\/2025\/11\/VIsuel-1536x2048.jpg 1536w, https:\/\/memento-anima.fr\/wp-content\/uploads\/2025\/11\/VIsuel-scaled.jpg 1920w\" sizes=\"(max-width: 225px) 100vw, 225px\" \/>\t\t\t\t\t\t\t\t<\/a>\n\t\t\t\t\t\t\t\t\t\t\t\t\t\t\t<\/div>\n\t\t\t\t<div class=\"elementor-element elementor-element-9061701 elementor-widget elementor-widget-text-editor\" data-id=\"9061701\" data-element_type=\"widget\" data-e-type=\"widget\" data-widget_type=\"text-editor.default\">\n\t\t\t\t\t\t\t\t\t<ul><li><h5>Atelier cr\u00e9ation jeunes\u00a0<\/h5><\/li><li style=\"text-align: left;\"><h5>De la lecture \u00e0 la sc\u00e8ne<\/h5><\/li><\/ul>\t\t\t\t\t\t\t\t<\/div>\n\t\t\t\t\t<\/div>\n\t\t\t\t<\/div>\n\t\t<div class=\"elementor-element elementor-element-a5d9f94 e-flex e-con-boxed e-con e-parent\" data-id=\"a5d9f94\" data-element_type=\"container\" data-e-type=\"container\">\n\t\t\t\t\t<div class=\"e-con-inner\">\n\t\t\t\t<div class=\"elementor-element elementor-element-7e4fb22 elementor-widget elementor-widget-spacer\" data-id=\"7e4fb22\" data-element_type=\"widget\" data-e-type=\"widget\" data-widget_type=\"spacer.default\">\n\t\t\t\t\t\t\t<div class=\"elementor-spacer\">\n\t\t\t<div class=\"elementor-spacer-inner\"><\/div>\n\t\t<\/div>\n\t\t\t\t\t\t<\/div>\n\t\t\t\t\t<\/div>\n\t\t\t\t<\/div>\n\t\t<div class=\"elementor-element elementor-element-96f0785 e-grid e-con-boxed e-con e-parent\" data-id=\"96f0785\" data-element_type=\"container\" data-e-type=\"container\">\n\t\t\t\t\t<div class=\"e-con-inner\">\n\t\t\t\t<div class=\"elementor-element elementor-element-0ed754b elementor-widget elementor-widget-text-editor\" data-id=\"0ed754b\" data-element_type=\"widget\" data-e-type=\"widget\" data-widget_type=\"text-editor.default\">\n\t\t\t\t\t\t\t\t\t<h5 style=\"text-align: right;\"><span style=\"color: #333333;\">L&rsquo;Atelier D\u00e9cal\u00e9<\/span><\/h5>\t\t\t\t\t\t\t\t<\/div>\n\t\t\t\t<div class=\"elementor-element elementor-element-6ff0464 elementor-widget elementor-widget-image\" data-id=\"6ff0464\" data-element_type=\"widget\" data-e-type=\"widget\" data-widget_type=\"image.default\">\n\t\t\t\t\t\t\t\t\t\t\t\t\t\t\t\t<a href=\"https:\/\/memento-anima.fr\/index.php\/latelier-decale\/\">\n\t\t\t\t\t\t\t<img decoding=\"async\" width=\"248\" height=\"300\" src=\"https:\/\/memento-anima.fr\/wp-content\/uploads\/2025\/11\/unnamed-file-248x300.jpg\" class=\"attachment-medium size-medium wp-image-423\" alt=\"\" srcset=\"https:\/\/memento-anima.fr\/wp-content\/uploads\/2025\/11\/unnamed-file-248x300.jpg 248w, https:\/\/memento-anima.fr\/wp-content\/uploads\/2025\/11\/unnamed-file-846x1024.jpg 846w, https:\/\/memento-anima.fr\/wp-content\/uploads\/2025\/11\/unnamed-file-768x929.jpg 768w, https:\/\/memento-anima.fr\/wp-content\/uploads\/2025\/11\/unnamed-file-1269x1536.jpg 1269w, https:\/\/memento-anima.fr\/wp-content\/uploads\/2025\/11\/unnamed-file.jpg 1665w\" sizes=\"(max-width: 248px) 100vw, 248px\" \/>\t\t\t\t\t\t\t\t<\/a>\n\t\t\t\t\t\t\t\t\t\t\t\t\t\t\t<\/div>\n\t\t\t\t<div class=\"elementor-element elementor-element-d901846 elementor-widget elementor-widget-text-editor\" data-id=\"d901846\" data-element_type=\"widget\" data-e-type=\"widget\" data-widget_type=\"text-editor.default\">\n\t\t\t\t\t\t\t\t\t<h5>Lyc\u00e9e pro Rempart Vinci<\/h5><h5>Dispositif Ullis<\/h5><h5>Atelier s\u00e9rigraphie<\/h5>\t\t\t\t\t\t\t\t<\/div>\n\t\t\t\t\t<\/div>\n\t\t\t\t<\/div>\n\t\t\t\t<\/div>\n\t\t","protected":false},"excerpt":{"rendered":"<p>(se) raconter une histoire\u00a0 Monte cristo Irsam Arc en ciel &#8211; Marseille Lyc\u00e9e pro Colbert &#8211; Marseille Th\u00e9\u00e2tre la Cri\u00e9e &#8211; Marseille Artiste associ\u00e9e aux actions culturelles Th\u00e9\u00e2tre Joliette Atelier cr\u00e9ation jeunes\u00a0 De la lecture \u00e0 la sc\u00e8ne L&rsquo;Atelier D\u00e9cal\u00e9 Lyc\u00e9e pro Rempart Vinci Dispositif Ullis Atelier s\u00e9rigraphie<\/p>\n","protected":false},"author":1,"featured_media":0,"parent":0,"menu_order":0,"comment_status":"closed","ping_status":"closed","template":"","meta":{"footnotes":""},"class_list":["post-416","page","type-page","status-publish","hentry"],"yoast_head":"<!-- This site is optimized with the Yoast SEO plugin v27.3 - https:\/\/yoast.com\/product\/yoast-seo-wordpress\/ -->\n<title>M\u00e9diations - MEMENTO ANIMA<\/title>\n<meta name=\"robots\" content=\"index, follow, max-snippet:-1, max-image-preview:large, max-video-preview:-1\" \/>\n<link rel=\"canonical\" href=\"https:\/\/memento-anima.fr\/index.php\/mediations-2\/\" \/>\n<meta property=\"og:locale\" content=\"fr_FR\" \/>\n<meta property=\"og:type\" content=\"article\" \/>\n<meta property=\"og:title\" content=\"M\u00e9diations - MEMENTO ANIMA\" \/>\n<meta property=\"og:description\" content=\"(se) raconter une histoire\u00a0 Monte cristo Irsam Arc en ciel &#8211; Marseille Lyc\u00e9e pro Colbert &#8211; Marseille Th\u00e9\u00e2tre la Cri\u00e9e &#8211; Marseille Artiste associ\u00e9e aux actions culturelles Th\u00e9\u00e2tre Joliette Atelier cr\u00e9ation jeunes\u00a0 De la lecture \u00e0 la sc\u00e8ne L&rsquo;Atelier D\u00e9cal\u00e9 Lyc\u00e9e pro Rempart Vinci Dispositif Ullis Atelier s\u00e9rigraphie\" \/>\n<meta property=\"og:url\" content=\"https:\/\/memento-anima.fr\/index.php\/mediations-2\/\" \/>\n<meta property=\"og:site_name\" content=\"MEMENTO ANIMA\" \/>\n<meta property=\"article:modified_time\" content=\"2025-12-16T11:33:36+00:00\" \/>\n<meta property=\"og:image\" content=\"https:\/\/memento-anima.fr\/wp-content\/uploads\/2025\/11\/212796073_10159326538593630_490524700500612890_n.jpg\" \/>\n\t<meta property=\"og:image:width\" content=\"1427\" \/>\n\t<meta property=\"og:image:height\" content=\"2015\" \/>\n\t<meta property=\"og:image:type\" content=\"image\/jpeg\" \/>\n<meta name=\"twitter:card\" content=\"summary_large_image\" \/>\n<meta name=\"twitter:label1\" content=\"Dur\u00e9e de lecture estim\u00e9e\" \/>\n\t<meta name=\"twitter:data1\" content=\"1 minute\" \/>\n<script type=\"application\/ld+json\" class=\"yoast-schema-graph\">{\"@context\":\"https:\\\/\\\/schema.org\",\"@graph\":[{\"@type\":\"WebPage\",\"@id\":\"https:\\\/\\\/memento-anima.fr\\\/index.php\\\/mediations-2\\\/\",\"url\":\"https:\\\/\\\/memento-anima.fr\\\/index.php\\\/mediations-2\\\/\",\"name\":\"M\u00e9diations - MEMENTO ANIMA\",\"isPartOf\":{\"@id\":\"https:\\\/\\\/memento-anima.fr\\\/#website\"},\"primaryImageOfPage\":{\"@id\":\"https:\\\/\\\/memento-anima.fr\\\/index.php\\\/mediations-2\\\/#primaryimage\"},\"image\":{\"@id\":\"https:\\\/\\\/memento-anima.fr\\\/index.php\\\/mediations-2\\\/#primaryimage\"},\"thumbnailUrl\":\"https:\\\/\\\/memento-anima.fr\\\/wp-content\\\/uploads\\\/2025\\\/11\\\/212796073_10159326538593630_490524700500612890_n-212x300.jpg\",\"datePublished\":\"2025-11-10T14:40:43+00:00\",\"dateModified\":\"2025-12-16T11:33:36+00:00\",\"breadcrumb\":{\"@id\":\"https:\\\/\\\/memento-anima.fr\\\/index.php\\\/mediations-2\\\/#breadcrumb\"},\"inLanguage\":\"fr-FR\",\"potentialAction\":[{\"@type\":\"ReadAction\",\"target\":[\"https:\\\/\\\/memento-anima.fr\\\/index.php\\\/mediations-2\\\/\"]}]},{\"@type\":\"ImageObject\",\"inLanguage\":\"fr-FR\",\"@id\":\"https:\\\/\\\/memento-anima.fr\\\/index.php\\\/mediations-2\\\/#primaryimage\",\"url\":\"https:\\\/\\\/memento-anima.fr\\\/wp-content\\\/uploads\\\/2025\\\/11\\\/212796073_10159326538593630_490524700500612890_n.jpg\",\"contentUrl\":\"https:\\\/\\\/memento-anima.fr\\\/wp-content\\\/uploads\\\/2025\\\/11\\\/212796073_10159326538593630_490524700500612890_n.jpg\",\"width\":1427,\"height\":2015},{\"@type\":\"BreadcrumbList\",\"@id\":\"https:\\\/\\\/memento-anima.fr\\\/index.php\\\/mediations-2\\\/#breadcrumb\",\"itemListElement\":[{\"@type\":\"ListItem\",\"position\":1,\"name\":\"Accueil\",\"item\":\"https:\\\/\\\/memento-anima.fr\\\/\"},{\"@type\":\"ListItem\",\"position\":2,\"name\":\"M\u00e9diations\"}]},{\"@type\":\"WebSite\",\"@id\":\"https:\\\/\\\/memento-anima.fr\\\/#website\",\"url\":\"https:\\\/\\\/memento-anima.fr\\\/\",\"name\":\"MEMENTO ANIMA\",\"description\":\"\",\"potentialAction\":[{\"@type\":\"SearchAction\",\"target\":{\"@type\":\"EntryPoint\",\"urlTemplate\":\"https:\\\/\\\/memento-anima.fr\\\/?s={search_term_string}\"},\"query-input\":{\"@type\":\"PropertyValueSpecification\",\"valueRequired\":true,\"valueName\":\"search_term_string\"}}],\"inLanguage\":\"fr-FR\"}]}<\/script>\n<!-- \/ Yoast SEO plugin. -->","yoast_head_json":{"title":"M\u00e9diations - MEMENTO ANIMA","robots":{"index":"index","follow":"follow","max-snippet":"max-snippet:-1","max-image-preview":"max-image-preview:large","max-video-preview":"max-video-preview:-1"},"canonical":"https:\/\/memento-anima.fr\/index.php\/mediations-2\/","og_locale":"fr_FR","og_type":"article","og_title":"M\u00e9diations - MEMENTO ANIMA","og_description":"(se) raconter une histoire\u00a0 Monte cristo Irsam Arc en ciel &#8211; Marseille Lyc\u00e9e pro Colbert &#8211; Marseille Th\u00e9\u00e2tre la Cri\u00e9e &#8211; Marseille Artiste associ\u00e9e aux actions culturelles Th\u00e9\u00e2tre Joliette Atelier cr\u00e9ation jeunes\u00a0 De la lecture \u00e0 la sc\u00e8ne L&rsquo;Atelier D\u00e9cal\u00e9 Lyc\u00e9e pro Rempart Vinci Dispositif Ullis Atelier s\u00e9rigraphie","og_url":"https:\/\/memento-anima.fr\/index.php\/mediations-2\/","og_site_name":"MEMENTO ANIMA","article_modified_time":"2025-12-16T11:33:36+00:00","og_image":[{"width":1427,"height":2015,"url":"https:\/\/memento-anima.fr\/wp-content\/uploads\/2025\/11\/212796073_10159326538593630_490524700500612890_n.jpg","type":"image\/jpeg"}],"twitter_card":"summary_large_image","twitter_misc":{"Dur\u00e9e de lecture estim\u00e9e":"1 minute"},"schema":{"@context":"https:\/\/schema.org","@graph":[{"@type":"WebPage","@id":"https:\/\/memento-anima.fr\/index.php\/mediations-2\/","url":"https:\/\/memento-anima.fr\/index.php\/mediations-2\/","name":"M\u00e9diations - MEMENTO ANIMA","isPartOf":{"@id":"https:\/\/memento-anima.fr\/#website"},"primaryImageOfPage":{"@id":"https:\/\/memento-anima.fr\/index.php\/mediations-2\/#primaryimage"},"image":{"@id":"https:\/\/memento-anima.fr\/index.php\/mediations-2\/#primaryimage"},"thumbnailUrl":"https:\/\/memento-anima.fr\/wp-content\/uploads\/2025\/11\/212796073_10159326538593630_490524700500612890_n-212x300.jpg","datePublished":"2025-11-10T14:40:43+00:00","dateModified":"2025-12-16T11:33:36+00:00","breadcrumb":{"@id":"https:\/\/memento-anima.fr\/index.php\/mediations-2\/#breadcrumb"},"inLanguage":"fr-FR","potentialAction":[{"@type":"ReadAction","target":["https:\/\/memento-anima.fr\/index.php\/mediations-2\/"]}]},{"@type":"ImageObject","inLanguage":"fr-FR","@id":"https:\/\/memento-anima.fr\/index.php\/mediations-2\/#primaryimage","url":"https:\/\/memento-anima.fr\/wp-content\/uploads\/2025\/11\/212796073_10159326538593630_490524700500612890_n.jpg","contentUrl":"https:\/\/memento-anima.fr\/wp-content\/uploads\/2025\/11\/212796073_10159326538593630_490524700500612890_n.jpg","width":1427,"height":2015},{"@type":"BreadcrumbList","@id":"https:\/\/memento-anima.fr\/index.php\/mediations-2\/#breadcrumb","itemListElement":[{"@type":"ListItem","position":1,"name":"Accueil","item":"https:\/\/memento-anima.fr\/"},{"@type":"ListItem","position":2,"name":"M\u00e9diations"}]},{"@type":"WebSite","@id":"https:\/\/memento-anima.fr\/#website","url":"https:\/\/memento-anima.fr\/","name":"MEMENTO ANIMA","description":"","potentialAction":[{"@type":"SearchAction","target":{"@type":"EntryPoint","urlTemplate":"https:\/\/memento-anima.fr\/?s={search_term_string}"},"query-input":{"@type":"PropertyValueSpecification","valueRequired":true,"valueName":"search_term_string"}}],"inLanguage":"fr-FR"}]}},"_links":{"self":[{"href":"https:\/\/memento-anima.fr\/index.php\/wp-json\/wp\/v2\/pages\/416","targetHints":{"allow":["GET"]}}],"collection":[{"href":"https:\/\/memento-anima.fr\/index.php\/wp-json\/wp\/v2\/pages"}],"about":[{"href":"https:\/\/memento-anima.fr\/index.php\/wp-json\/wp\/v2\/types\/page"}],"author":[{"embeddable":true,"href":"https:\/\/memento-anima.fr\/index.php\/wp-json\/wp\/v2\/users\/1"}],"replies":[{"embeddable":true,"href":"https:\/\/memento-anima.fr\/index.php\/wp-json\/wp\/v2\/comments?post=416"}],"version-history":[{"count":28,"href":"https:\/\/memento-anima.fr\/index.php\/wp-json\/wp\/v2\/pages\/416\/revisions"}],"predecessor-version":[{"id":800,"href":"https:\/\/memento-anima.fr\/index.php\/wp-json\/wp\/v2\/pages\/416\/revisions\/800"}],"wp:attachment":[{"href":"https:\/\/memento-anima.fr\/index.php\/wp-json\/wp\/v2\/media?parent=416"}],"curies":[{"name":"wp","href":"https:\/\/api.w.org\/{rel}","templated":true}]}}