{"id":304,"date":"2025-11-09T21:20:53","date_gmt":"2025-11-09T21:20:53","guid":{"rendered":"https:\/\/memento-anima.fr\/?page_id=304"},"modified":"2025-12-08T16:52:45","modified_gmt":"2025-12-08T15:52:45","slug":"creations","status":"publish","type":"page","link":"https:\/\/memento-anima.fr\/index.php\/creations\/","title":{"rendered":"Cr\u00e9ations"},"content":{"rendered":"\t\t<div data-elementor-type=\"wp-page\" data-elementor-id=\"304\" class=\"elementor elementor-304\">\n\t\t\t\t<div class=\"elementor-element elementor-element-d45be50 e-grid e-con-boxed e-con e-parent\" data-id=\"d45be50\" data-element_type=\"container\" data-e-type=\"container\">\n\t\t\t\t\t<div class=\"e-con-inner\">\n\t\t\t\t<div class=\"elementor-element elementor-element-45d2d8f elementor-widget elementor-widget-text-editor\" data-id=\"45d2d8f\" data-element_type=\"widget\" data-e-type=\"widget\" data-widget_type=\"text-editor.default\">\n\t\t\t\t\t\t\t\t\t<h5 style=\"text-align: right;\">COLD CUTS<br \/><br \/>Linda McLean<br \/><br \/>Cr\u00e9ation fran\u00e7aise<\/h5>\t\t\t\t\t\t\t\t<\/div>\n\t\t\t\t<div class=\"elementor-element elementor-element-f920646 elementor-widget elementor-widget-image\" data-id=\"f920646\" data-element_type=\"widget\" data-e-type=\"widget\" data-widget_type=\"image.default\">\n\t\t\t\t\t\t\t\t\t\t\t\t\t\t\t\t<a href=\"https:\/\/memento-anima.fr\/index.php\/cold-cuts\/\">\n\t\t\t\t\t\t\t<img fetchpriority=\"high\" decoding=\"async\" width=\"212\" height=\"300\" src=\"https:\/\/memento-anima.fr\/wp-content\/uploads\/2025\/12\/COLDCUTS-251121-WEB-212x300.jpg\" class=\"attachment-medium size-medium wp-image-793\" alt=\"\" srcset=\"https:\/\/memento-anima.fr\/wp-content\/uploads\/2025\/12\/COLDCUTS-251121-WEB-212x300.jpg 212w, https:\/\/memento-anima.fr\/wp-content\/uploads\/2025\/12\/COLDCUTS-251121-WEB.jpg 723w\" sizes=\"(max-width: 212px) 100vw, 212px\" \/>\t\t\t\t\t\t\t\t<\/a>\n\t\t\t\t\t\t\t\t\t\t\t\t\t\t\t<\/div>\n\t\t\t\t<div class=\"elementor-element elementor-element-7792a6d elementor-widget elementor-widget-text-editor\" data-id=\"7792a6d\" data-element_type=\"widget\" data-e-type=\"widget\" data-widget_type=\"text-editor.default\">\n\t\t\t\t\t\t\t\t\t<h5>Cr\u00e9ation 2026<\/h5>\t\t\t\t\t\t\t\t<\/div>\n\t\t\t\t\t<\/div>\n\t\t\t\t<\/div>\n\t\t<div class=\"elementor-element elementor-element-c650042 e-flex e-con-boxed e-con e-parent\" data-id=\"c650042\" data-element_type=\"container\" data-e-type=\"container\">\n\t\t\t\t\t<div class=\"e-con-inner\">\n\t\t\t\t<div class=\"elementor-element elementor-element-dc2e3f7 elementor-widget elementor-widget-spacer\" data-id=\"dc2e3f7\" data-element_type=\"widget\" data-e-type=\"widget\" data-widget_type=\"spacer.default\">\n\t\t\t\t\t\t\t<div class=\"elementor-spacer\">\n\t\t\t<div class=\"elementor-spacer-inner\"><\/div>\n\t\t<\/div>\n\t\t\t\t\t\t<\/div>\n\t\t\t\t\t<\/div>\n\t\t\t\t<\/div>\n\t\t<div class=\"elementor-element elementor-element-f366d1a e-grid e-con-boxed e-con e-parent\" data-id=\"f366d1a\" data-element_type=\"container\" data-e-type=\"container\">\n\t\t\t\t\t<div class=\"e-con-inner\">\n\t\t\t\t<div class=\"elementor-element elementor-element-5e4fc46 elementor-widget elementor-widget-text-editor\" data-id=\"5e4fc46\" data-element_type=\"widget\" data-e-type=\"widget\" data-widget_type=\"text-editor.default\">\n\t\t\t\t\t\t\t\t\t<h5 style=\"text-align: right;\">Partout o\u00f9 je suis<\/h5>\t\t\t\t\t\t\t\t<\/div>\n\t\t\t\t<div class=\"elementor-element elementor-element-922fe20 elementor-widget elementor-widget-image\" data-id=\"922fe20\" data-element_type=\"widget\" data-e-type=\"widget\" data-widget_type=\"image.default\">\n\t\t\t\t\t\t\t\t\t\t\t\t\t\t\t\t<a href=\"https:\/\/memento-anima.fr\/index.php\/partout-ou-je-suis\/\">\n\t\t\t\t\t\t\t<img decoding=\"async\" width=\"150\" height=\"150\" src=\"https:\/\/memento-anima.fr\/wp-content\/uploads\/2025\/11\/278969002_10159843311643630_40787493560962148_n-150x150.jpg\" class=\"attachment-thumbnail size-thumbnail wp-image-345\" alt=\"\" \/>\t\t\t\t\t\t\t\t<\/a>\n\t\t\t\t\t\t\t\t\t\t\t\t\t\t\t<\/div>\n\t\t\t\t<div class=\"elementor-element elementor-element-2ab1fef elementor-widget elementor-widget-text-editor\" data-id=\"2ab1fef\" data-element_type=\"widget\" data-e-type=\"widget\" data-widget_type=\"text-editor.default\">\n\t\t\t\t\t\t\t\t\t<h5>En \u00e9criture<\/h5>\t\t\t\t\t\t\t\t<\/div>\n\t\t\t\t\t<\/div>\n\t\t\t\t<\/div>\n\t\t<div class=\"elementor-element elementor-element-8e288ec e-flex e-con-boxed e-con e-parent\" data-id=\"8e288ec\" data-element_type=\"container\" data-e-type=\"container\">\n\t\t\t\t\t<div class=\"e-con-inner\">\n\t\t\t\t<div class=\"elementor-element elementor-element-b4ae434 elementor-widget elementor-widget-spacer\" data-id=\"b4ae434\" data-element_type=\"widget\" data-e-type=\"widget\" data-widget_type=\"spacer.default\">\n\t\t\t\t\t\t\t<div class=\"elementor-spacer\">\n\t\t\t<div class=\"elementor-spacer-inner\"><\/div>\n\t\t<\/div>\n\t\t\t\t\t\t<\/div>\n\t\t\t\t\t<\/div>\n\t\t\t\t<\/div>\n\t\t<div class=\"elementor-element elementor-element-29e98a4 e-grid e-con-boxed e-con e-parent\" data-id=\"29e98a4\" data-element_type=\"container\" data-e-type=\"container\">\n\t\t\t\t\t<div class=\"e-con-inner\">\n\t\t\t\t<div class=\"elementor-element elementor-element-20098f8 elementor-widget elementor-widget-text-editor\" data-id=\"20098f8\" data-element_type=\"widget\" data-e-type=\"widget\" data-widget_type=\"text-editor.default\">\n\t\t\t\t\t\t\t\t\t<h5 style=\"text-align: right;\">L&rsquo;Homme qui marche<\/h5><h5 style=\"text-align: right;\">C. Bobin<\/h5>\t\t\t\t\t\t\t\t<\/div>\n\t\t\t\t<div class=\"elementor-element elementor-element-eeceb25 elementor-widget elementor-widget-image\" data-id=\"eeceb25\" data-element_type=\"widget\" data-e-type=\"widget\" data-widget_type=\"image.default\">\n\t\t\t\t\t\t\t\t\t\t\t\t\t\t\t\t<a href=\"https:\/\/memento-anima.fr\/index.php\/lhomme-qui-marche\/\">\n\t\t\t\t\t\t\t<img decoding=\"async\" width=\"150\" height=\"150\" src=\"https:\/\/memento-anima.fr\/wp-content\/uploads\/2025\/11\/PHOTO-2023-01-19-17-34-50-150x150.jpg\" class=\"attachment-thumbnail size-thumbnail wp-image-264\" alt=\"\" \/>\t\t\t\t\t\t\t\t<\/a>\n\t\t\t\t\t\t\t\t\t\t\t\t\t\t\t<\/div>\n\t\t\t\t<div class=\"elementor-element elementor-element-51de56e elementor-widget elementor-widget-text-editor\" data-id=\"51de56e\" data-element_type=\"widget\" data-e-type=\"widget\" data-widget_type=\"text-editor.default\">\n\t\t\t\t\t\t\t\t\t<h5>Cr\u00e9ation 2023<\/h5><h5>En tourn\u00e9e<\/h5>\t\t\t\t\t\t\t\t<\/div>\n\t\t\t\t\t<\/div>\n\t\t\t\t<\/div>\n\t\t\t\t<\/div>\n\t\t","protected":false},"excerpt":{"rendered":"<p>COLD CUTS Linda McLean Cr\u00e9ation fran\u00e7aise Cr\u00e9ation 2026 Partout o\u00f9 je suis En \u00e9criture L&rsquo;Homme qui marche C. Bobin Cr\u00e9ation 2023 En tourn\u00e9e<\/p>\n","protected":false},"author":1,"featured_media":0,"parent":0,"menu_order":0,"comment_status":"closed","ping_status":"closed","template":"","meta":{"footnotes":""},"class_list":["post-304","page","type-page","status-publish","hentry"],"yoast_head":"<!-- This site is optimized with the Yoast SEO plugin v27.3 - https:\/\/yoast.com\/product\/yoast-seo-wordpress\/ -->\n<title>Cr\u00e9ations - MEMENTO ANIMA<\/title>\n<meta name=\"robots\" content=\"index, follow, max-snippet:-1, max-image-preview:large, max-video-preview:-1\" \/>\n<link rel=\"canonical\" href=\"https:\/\/memento-anima.fr\/index.php\/creations\/\" \/>\n<meta property=\"og:locale\" content=\"fr_FR\" \/>\n<meta property=\"og:type\" content=\"article\" \/>\n<meta property=\"og:title\" content=\"Cr\u00e9ations - MEMENTO ANIMA\" \/>\n<meta property=\"og:description\" content=\"COLD CUTS Linda McLean Cr\u00e9ation fran\u00e7aise Cr\u00e9ation 2026 Partout o\u00f9 je suis En \u00e9criture L&rsquo;Homme qui marche C. Bobin Cr\u00e9ation 2023 En tourn\u00e9e\" \/>\n<meta property=\"og:url\" content=\"https:\/\/memento-anima.fr\/index.php\/creations\/\" \/>\n<meta property=\"og:site_name\" content=\"MEMENTO ANIMA\" \/>\n<meta property=\"article:modified_time\" content=\"2025-12-08T15:52:45+00:00\" \/>\n<meta property=\"og:image\" content=\"https:\/\/memento-anima.fr\/wp-content\/uploads\/2025\/12\/COLDCUTS-251121-WEB-212x300.jpg\" \/>\n<meta name=\"twitter:card\" content=\"summary_large_image\" \/>\n<meta name=\"twitter:label1\" content=\"Dur\u00e9e de lecture estim\u00e9e\" \/>\n\t<meta name=\"twitter:data1\" content=\"1 minute\" \/>\n<script type=\"application\/ld+json\" class=\"yoast-schema-graph\">{\"@context\":\"https:\\\/\\\/schema.org\",\"@graph\":[{\"@type\":\"WebPage\",\"@id\":\"https:\\\/\\\/memento-anima.fr\\\/index.php\\\/creations\\\/\",\"url\":\"https:\\\/\\\/memento-anima.fr\\\/index.php\\\/creations\\\/\",\"name\":\"Cr\u00e9ations - MEMENTO ANIMA\",\"isPartOf\":{\"@id\":\"https:\\\/\\\/memento-anima.fr\\\/#website\"},\"primaryImageOfPage\":{\"@id\":\"https:\\\/\\\/memento-anima.fr\\\/index.php\\\/creations\\\/#primaryimage\"},\"image\":{\"@id\":\"https:\\\/\\\/memento-anima.fr\\\/index.php\\\/creations\\\/#primaryimage\"},\"thumbnailUrl\":\"https:\\\/\\\/memento-anima.fr\\\/wp-content\\\/uploads\\\/2025\\\/12\\\/COLDCUTS-251121-WEB-212x300.jpg\",\"datePublished\":\"2025-11-09T21:20:53+00:00\",\"dateModified\":\"2025-12-08T15:52:45+00:00\",\"breadcrumb\":{\"@id\":\"https:\\\/\\\/memento-anima.fr\\\/index.php\\\/creations\\\/#breadcrumb\"},\"inLanguage\":\"fr-FR\",\"potentialAction\":[{\"@type\":\"ReadAction\",\"target\":[\"https:\\\/\\\/memento-anima.fr\\\/index.php\\\/creations\\\/\"]}]},{\"@type\":\"ImageObject\",\"inLanguage\":\"fr-FR\",\"@id\":\"https:\\\/\\\/memento-anima.fr\\\/index.php\\\/creations\\\/#primaryimage\",\"url\":\"https:\\\/\\\/memento-anima.fr\\\/wp-content\\\/uploads\\\/2025\\\/12\\\/COLDCUTS-251121-WEB.jpg\",\"contentUrl\":\"https:\\\/\\\/memento-anima.fr\\\/wp-content\\\/uploads\\\/2025\\\/12\\\/COLDCUTS-251121-WEB.jpg\",\"width\":723,\"height\":1024},{\"@type\":\"BreadcrumbList\",\"@id\":\"https:\\\/\\\/memento-anima.fr\\\/index.php\\\/creations\\\/#breadcrumb\",\"itemListElement\":[{\"@type\":\"ListItem\",\"position\":1,\"name\":\"Accueil\",\"item\":\"https:\\\/\\\/memento-anima.fr\\\/\"},{\"@type\":\"ListItem\",\"position\":2,\"name\":\"Cr\u00e9ations\"}]},{\"@type\":\"WebSite\",\"@id\":\"https:\\\/\\\/memento-anima.fr\\\/#website\",\"url\":\"https:\\\/\\\/memento-anima.fr\\\/\",\"name\":\"MEMENTO ANIMA\",\"description\":\"\",\"potentialAction\":[{\"@type\":\"SearchAction\",\"target\":{\"@type\":\"EntryPoint\",\"urlTemplate\":\"https:\\\/\\\/memento-anima.fr\\\/?s={search_term_string}\"},\"query-input\":{\"@type\":\"PropertyValueSpecification\",\"valueRequired\":true,\"valueName\":\"search_term_string\"}}],\"inLanguage\":\"fr-FR\"}]}<\/script>\n<!-- \/ Yoast SEO plugin. -->","yoast_head_json":{"title":"Cr\u00e9ations - MEMENTO ANIMA","robots":{"index":"index","follow":"follow","max-snippet":"max-snippet:-1","max-image-preview":"max-image-preview:large","max-video-preview":"max-video-preview:-1"},"canonical":"https:\/\/memento-anima.fr\/index.php\/creations\/","og_locale":"fr_FR","og_type":"article","og_title":"Cr\u00e9ations - MEMENTO ANIMA","og_description":"COLD CUTS Linda McLean Cr\u00e9ation fran\u00e7aise Cr\u00e9ation 2026 Partout o\u00f9 je suis En \u00e9criture L&rsquo;Homme qui marche C. Bobin Cr\u00e9ation 2023 En tourn\u00e9e","og_url":"https:\/\/memento-anima.fr\/index.php\/creations\/","og_site_name":"MEMENTO ANIMA","article_modified_time":"2025-12-08T15:52:45+00:00","og_image":[{"url":"https:\/\/memento-anima.fr\/wp-content\/uploads\/2025\/12\/COLDCUTS-251121-WEB-212x300.jpg","type":"","width":"","height":""}],"twitter_card":"summary_large_image","twitter_misc":{"Dur\u00e9e de lecture estim\u00e9e":"1 minute"},"schema":{"@context":"https:\/\/schema.org","@graph":[{"@type":"WebPage","@id":"https:\/\/memento-anima.fr\/index.php\/creations\/","url":"https:\/\/memento-anima.fr\/index.php\/creations\/","name":"Cr\u00e9ations - MEMENTO ANIMA","isPartOf":{"@id":"https:\/\/memento-anima.fr\/#website"},"primaryImageOfPage":{"@id":"https:\/\/memento-anima.fr\/index.php\/creations\/#primaryimage"},"image":{"@id":"https:\/\/memento-anima.fr\/index.php\/creations\/#primaryimage"},"thumbnailUrl":"https:\/\/memento-anima.fr\/wp-content\/uploads\/2025\/12\/COLDCUTS-251121-WEB-212x300.jpg","datePublished":"2025-11-09T21:20:53+00:00","dateModified":"2025-12-08T15:52:45+00:00","breadcrumb":{"@id":"https:\/\/memento-anima.fr\/index.php\/creations\/#breadcrumb"},"inLanguage":"fr-FR","potentialAction":[{"@type":"ReadAction","target":["https:\/\/memento-anima.fr\/index.php\/creations\/"]}]},{"@type":"ImageObject","inLanguage":"fr-FR","@id":"https:\/\/memento-anima.fr\/index.php\/creations\/#primaryimage","url":"https:\/\/memento-anima.fr\/wp-content\/uploads\/2025\/12\/COLDCUTS-251121-WEB.jpg","contentUrl":"https:\/\/memento-anima.fr\/wp-content\/uploads\/2025\/12\/COLDCUTS-251121-WEB.jpg","width":723,"height":1024},{"@type":"BreadcrumbList","@id":"https:\/\/memento-anima.fr\/index.php\/creations\/#breadcrumb","itemListElement":[{"@type":"ListItem","position":1,"name":"Accueil","item":"https:\/\/memento-anima.fr\/"},{"@type":"ListItem","position":2,"name":"Cr\u00e9ations"}]},{"@type":"WebSite","@id":"https:\/\/memento-anima.fr\/#website","url":"https:\/\/memento-anima.fr\/","name":"MEMENTO ANIMA","description":"","potentialAction":[{"@type":"SearchAction","target":{"@type":"EntryPoint","urlTemplate":"https:\/\/memento-anima.fr\/?s={search_term_string}"},"query-input":{"@type":"PropertyValueSpecification","valueRequired":true,"valueName":"search_term_string"}}],"inLanguage":"fr-FR"}]}},"_links":{"self":[{"href":"https:\/\/memento-anima.fr\/index.php\/wp-json\/wp\/v2\/pages\/304","targetHints":{"allow":["GET"]}}],"collection":[{"href":"https:\/\/memento-anima.fr\/index.php\/wp-json\/wp\/v2\/pages"}],"about":[{"href":"https:\/\/memento-anima.fr\/index.php\/wp-json\/wp\/v2\/types\/page"}],"author":[{"embeddable":true,"href":"https:\/\/memento-anima.fr\/index.php\/wp-json\/wp\/v2\/users\/1"}],"replies":[{"embeddable":true,"href":"https:\/\/memento-anima.fr\/index.php\/wp-json\/wp\/v2\/comments?post=304"}],"version-history":[{"count":52,"href":"https:\/\/memento-anima.fr\/index.php\/wp-json\/wp\/v2\/pages\/304\/revisions"}],"predecessor-version":[{"id":796,"href":"https:\/\/memento-anima.fr\/index.php\/wp-json\/wp\/v2\/pages\/304\/revisions\/796"}],"wp:attachment":[{"href":"https:\/\/memento-anima.fr\/index.php\/wp-json\/wp\/v2\/media?parent=304"}],"curies":[{"name":"wp","href":"https:\/\/api.w.org\/{rel}","templated":true}]}}